{"id":48202,"date":"2026-02-24T11:43:59","date_gmt":"2026-02-24T10:43:59","guid":{"rendered":"https:\/\/imprimeideas.es\/?post_type=product&p=48202"},"modified":"2026-02-26T18:42:32","modified_gmt":"2026-02-26T17:42:32","slug":"gorra-fiola","status":"publish","type":"product","link":"https:\/\/imprimeideas.es\/en\/product\/gorra-fiola\/","title":{"rendered":"Gorra Fiola"},"content":{"rendered":"<p>Gorra de poli\u00e9ster en color fluorescente, ideal para mayor visibilidad. Incluye perfil reflectante en la visera. Con cierre el\u00e1stico con accesorio ajustable para un c\u00f3modo y personalizado ajuste. Cuenta con paneles de redecilla transpirables que favorecen la ventilaci\u00f3n durante el uso. Su pr\u00e1ctica solapa trasera ofrece protecci\u00f3n adicional, resguardando el cuello de los rayos solares.<\/p>","protected":false},"excerpt":{"rendered":"<p>Reflectante. Cierre El\u00e1stico<\/p>","protected":false},"featured_media":60911,"comment_status":"open","ping_status":"open","template":"","meta":{"inline_featured_image":false},"product_brand":[],"product_cat":[112],"product_tag":[],"class_list":{"0":"post-48202","1":"product","2":"type-product","3":"status-publish","4":"has-post-thumbnail","6":"product_cat-gorras-y-sombreros","8":"first","9":"instock","10":"taxable","11":"shipping-taxable","12":"purchasable","13":"product-type-variable","14":"has-default-attributes"},"aioseo_notices":[],"_links":{"self":[{"href":"https:\/\/imprimeideas.es\/en\/wp-json\/wp\/v2\/product\/48202","targetHints":{"allow":["GET"]}}],"collection":[{"href":"https:\/\/imprimeideas.es\/en\/wp-json\/wp\/v2\/product"}],"about":[{"href":"https:\/\/imprimeideas.es\/en\/wp-json\/wp\/v2\/types\/product"}],"replies":[{"embeddable":true,"href":"https:\/\/imprimeideas.es\/en\/wp-json\/wp\/v2\/comments?post=48202"}],"version-history":[{"count":1,"href":"https:\/\/imprimeideas.es\/en\/wp-json\/wp\/v2\/product\/48202\/revisions"}],"predecessor-version":[{"id":56159,"href":"https:\/\/imprimeideas.es\/en\/wp-json\/wp\/v2\/product\/48202\/revisions\/56159"}],"wp:featuredmedia":[{"embeddable":true,"href":"https:\/\/imprimeideas.es\/en\/wp-json\/wp\/v2\/media\/60911"}],"wp:attachment":[{"href":"https:\/\/imprimeideas.es\/en\/wp-json\/wp\/v2\/media?parent=48202"}],"wp:term":[{"taxonomy":"product_brand","embeddable":true,"href":"https:\/\/imprimeideas.es\/en\/wp-json\/wp\/v2\/product_brand?post=48202"},{"taxonomy":"product_cat","embeddable":true,"href":"https:\/\/imprimeideas.es\/en\/wp-json\/wp\/v2\/product_cat?post=48202"},{"taxonomy":"product_tag","embeddable":true,"href":"https:\/\/imprimeideas.es\/en\/wp-json\/wp\/v2\/product_tag?post=48202"}],"curies":[{"name":"wp","href":"https:\/\/api.w.org\/{rel}","templated":true}]}}