{"id":48182,"date":"2026-02-24T11:43:56","date_gmt":"2026-02-24T10:43:56","guid":{"rendered":"https:\/\/imprimeideas.es\/?post_type=product&p=48182"},"modified":"2026-02-26T18:03:10","modified_gmt":"2026-02-26T17:03:10","slug":"gorra-orban","status":"publish","type":"product","link":"https:\/\/imprimeideas.es\/en\/product\/gorra-orban\/","title":{"rendered":"Gorra Orban"},"content":{"rendered":"<p>Gorra deportiva de 5 paneles en poli\u00e9ster RPET con protecci\u00f3n UV50. Ajustable cierre de hebilla met\u00e1lica y orificios de ventilaci\u00f3n bordados. Con logotipo de RPET y UV en etiqueta.El material RPET se elabora a partir de pl\u00e1stico reciclado, para as\u00ed fomentar la reutilizaci\u00f3n de residuos pl\u00e1sticos y ayudar a la sostenibilidad del planeta.<\/p>","protected":false},"excerpt":{"rendered":"<p>6 Paneles. Cierre Hebilla. Protecci\u00f3n UPF50<\/p>","protected":false},"featured_media":71051,"comment_status":"open","ping_status":"open","template":"","meta":{"inline_featured_image":false},"product_brand":[],"product_cat":[112,114],"product_tag":[],"class_list":{"0":"post-48182","1":"product","2":"type-product","3":"status-publish","4":"has-post-thumbnail","6":"product_cat-gorras-y-sombreros","7":"product_cat-verano-y-playa","9":"first","10":"instock","11":"taxable","12":"shipping-taxable","13":"purchasable","14":"product-type-variable","15":"has-default-attributes"},"aioseo_notices":[],"_links":{"self":[{"href":"https:\/\/imprimeideas.es\/en\/wp-json\/wp\/v2\/product\/48182","targetHints":{"allow":["GET"]}}],"collection":[{"href":"https:\/\/imprimeideas.es\/en\/wp-json\/wp\/v2\/product"}],"about":[{"href":"https:\/\/imprimeideas.es\/en\/wp-json\/wp\/v2\/types\/product"}],"replies":[{"embeddable":true,"href":"https:\/\/imprimeideas.es\/en\/wp-json\/wp\/v2\/comments?post=48182"}],"version-history":[{"count":1,"href":"https:\/\/imprimeideas.es\/en\/wp-json\/wp\/v2\/product\/48182\/revisions"}],"predecessor-version":[{"id":56157,"href":"https:\/\/imprimeideas.es\/en\/wp-json\/wp\/v2\/product\/48182\/revisions\/56157"}],"wp:featuredmedia":[{"embeddable":true,"href":"https:\/\/imprimeideas.es\/en\/wp-json\/wp\/v2\/media\/71051"}],"wp:attachment":[{"href":"https:\/\/imprimeideas.es\/en\/wp-json\/wp\/v2\/media?parent=48182"}],"wp:term":[{"taxonomy":"product_brand","embeddable":true,"href":"https:\/\/imprimeideas.es\/en\/wp-json\/wp\/v2\/product_brand?post=48182"},{"taxonomy":"product_cat","embeddable":true,"href":"https:\/\/imprimeideas.es\/en\/wp-json\/wp\/v2\/product_cat?post=48182"},{"taxonomy":"product_tag","embeddable":true,"href":"https:\/\/imprimeideas.es\/en\/wp-json\/wp\/v2\/product_tag?post=48182"}],"curies":[{"name":"wp","href":"https:\/\/api.w.org\/{rel}","templated":true}]}}