{"id":48167,"date":"2026-02-24T11:43:55","date_gmt":"2026-02-24T10:43:55","guid":{"rendered":"https:\/\/imprimeideas.es\/?post_type=product&p=48167"},"modified":"2026-02-26T18:13:40","modified_gmt":"2026-02-26T17:13:40","slug":"gorro-zalay","status":"publish","type":"product","link":"https:\/\/imprimeideas.es\/en\/product\/gorro-zalay\/","title":{"rendered":"Gorro Zalay"},"content":{"rendered":"<p>Gorro estilo Bob con Protecci\u00f3n Solar UPF50+  fabricado en RPET. Su sistema de protecci\u00f3n solar UPF50+, bloquea hasta el 98% de los rayos UV, proporcionando una barrera eficaz contra los da\u00f1os solares y garantizando la seguridad de tu piel durante exposiciones prolongadas.Su dise\u00f1o incluye tejido transpirable,  suave forro interior para mayor comodidad y cinta ajustable interior que garantiza un ajuste preciso y seguro.<\/p>","protected":false},"excerpt":{"rendered":"<p>Protecci\u00f3n UPF50<\/p>","protected":false},"featured_media":85703,"comment_status":"open","ping_status":"open","template":"","meta":{"inline_featured_image":false},"product_brand":[],"product_cat":[112,114],"product_tag":[],"class_list":{"0":"post-48167","1":"product","2":"type-product","3":"status-publish","4":"has-post-thumbnail","6":"product_cat-gorras-y-sombreros","7":"product_cat-verano-y-playa","9":"first","10":"instock","11":"taxable","12":"shipping-taxable","13":"purchasable","14":"product-type-variable","15":"has-default-attributes"},"aioseo_notices":[],"_links":{"self":[{"href":"https:\/\/imprimeideas.es\/en\/wp-json\/wp\/v2\/product\/48167","targetHints":{"allow":["GET"]}}],"collection":[{"href":"https:\/\/imprimeideas.es\/en\/wp-json\/wp\/v2\/product"}],"about":[{"href":"https:\/\/imprimeideas.es\/en\/wp-json\/wp\/v2\/types\/product"}],"replies":[{"embeddable":true,"href":"https:\/\/imprimeideas.es\/en\/wp-json\/wp\/v2\/comments?post=48167"}],"version-history":[{"count":1,"href":"https:\/\/imprimeideas.es\/en\/wp-json\/wp\/v2\/product\/48167\/revisions"}],"predecessor-version":[{"id":56155,"href":"https:\/\/imprimeideas.es\/en\/wp-json\/wp\/v2\/product\/48167\/revisions\/56155"}],"wp:featuredmedia":[{"embeddable":true,"href":"https:\/\/imprimeideas.es\/en\/wp-json\/wp\/v2\/media\/85703"}],"wp:attachment":[{"href":"https:\/\/imprimeideas.es\/en\/wp-json\/wp\/v2\/media?parent=48167"}],"wp:term":[{"taxonomy":"product_brand","embeddable":true,"href":"https:\/\/imprimeideas.es\/en\/wp-json\/wp\/v2\/product_brand?post=48167"},{"taxonomy":"product_cat","embeddable":true,"href":"https:\/\/imprimeideas.es\/en\/wp-json\/wp\/v2\/product_cat?post=48167"},{"taxonomy":"product_tag","embeddable":true,"href":"https:\/\/imprimeideas.es\/en\/wp-json\/wp\/v2\/product_tag?post=48167"}],"curies":[{"name":"wp","href":"https:\/\/api.w.org\/{rel}","templated":true}]}}