{"id":48162,"date":"2026-02-24T11:43:54","date_gmt":"2026-02-24T10:43:54","guid":{"rendered":"https:\/\/imprimeideas.es\/?post_type=product&p=48162"},"modified":"2026-02-26T18:27:58","modified_gmt":"2026-02-26T17:27:58","slug":"gorra-fraser","status":"publish","type":"product","link":"https:\/\/imprimeideas.es\/en\/product\/gorra-fraser\/","title":{"rendered":"Gorra Fraser"},"content":{"rendered":"<p>Gorra de 6 paneles confeccionada en suave poli\u00e9ster. Cuenta con una flexible visera y amplia solapa trasera que protege eficazmente el cuello del sol. Su contorno el\u00e1stico, equipado con un accesorio de ajuste, asegura un ajuste c\u00f3modo y preciso. Incluye pr\u00e1ctico cord\u00f3n de transporte adaptable.<\/p>","protected":false},"excerpt":{"rendered":"<p>6 Paneles. Cierre El\u00e1stico<\/p>","protected":false},"featured_media":76863,"comment_status":"open","ping_status":"open","template":"","meta":{"inline_featured_image":false},"product_brand":[],"product_cat":[112,94],"product_tag":[],"class_list":{"0":"post-48162","1":"product","2":"type-product","3":"status-publish","4":"has-post-thumbnail","6":"product_cat-gorras-y-sombreros","7":"product_cat-mochilas","9":"first","10":"instock","11":"taxable","12":"shipping-taxable","13":"purchasable","14":"product-type-variable","15":"has-default-attributes"},"aioseo_notices":[],"_links":{"self":[{"href":"https:\/\/imprimeideas.es\/en\/wp-json\/wp\/v2\/product\/48162","targetHints":{"allow":["GET"]}}],"collection":[{"href":"https:\/\/imprimeideas.es\/en\/wp-json\/wp\/v2\/product"}],"about":[{"href":"https:\/\/imprimeideas.es\/en\/wp-json\/wp\/v2\/types\/product"}],"replies":[{"embeddable":true,"href":"https:\/\/imprimeideas.es\/en\/wp-json\/wp\/v2\/comments?post=48162"}],"version-history":[{"count":1,"href":"https:\/\/imprimeideas.es\/en\/wp-json\/wp\/v2\/product\/48162\/revisions"}],"predecessor-version":[{"id":56154,"href":"https:\/\/imprimeideas.es\/en\/wp-json\/wp\/v2\/product\/48162\/revisions\/56154"}],"wp:featuredmedia":[{"embeddable":true,"href":"https:\/\/imprimeideas.es\/en\/wp-json\/wp\/v2\/media\/76863"}],"wp:attachment":[{"href":"https:\/\/imprimeideas.es\/en\/wp-json\/wp\/v2\/media?parent=48162"}],"wp:term":[{"taxonomy":"product_brand","embeddable":true,"href":"https:\/\/imprimeideas.es\/en\/wp-json\/wp\/v2\/product_brand?post=48162"},{"taxonomy":"product_cat","embeddable":true,"href":"https:\/\/imprimeideas.es\/en\/wp-json\/wp\/v2\/product_cat?post=48162"},{"taxonomy":"product_tag","embeddable":true,"href":"https:\/\/imprimeideas.es\/en\/wp-json\/wp\/v2\/product_tag?post=48162"}],"curies":[{"name":"wp","href":"https:\/\/api.w.org\/{rel}","templated":true}]}}