{"id":48092,"date":"2026-02-24T11:43:46","date_gmt":"2026-02-24T10:43:46","guid":{"rendered":"https:\/\/imprimeideas.es\/?post_type=product&p=48092"},"modified":"2026-02-26T18:08:23","modified_gmt":"2026-02-26T17:08:23","slug":"pantalon-rudig","status":"publish","type":"product","link":"https:\/\/imprimeideas.es\/en\/product\/pantalon-rudig\/","title":{"rendered":"Pantal\u00f3n Rudig"},"content":{"rendered":"<p>Pantal\u00f3n con cintura el\u00e1stica ajustable y cord\u00f3n interior para un ajuste personalizado, complementado con pespunte de seguridad. Con aperturas laterales en cada pierna y bolsillos laterales.<\/p>","protected":false},"excerpt":{"rendered":"<p>Transpirable<\/p>","protected":false},"featured_media":85849,"comment_status":"open","ping_status":"open","template":"","meta":{"inline_featured_image":false},"product_brand":[],"product_cat":[101,114],"product_tag":[],"class_list":{"0":"post-48092","1":"product","2":"type-product","3":"status-publish","4":"has-post-thumbnail","6":"product_cat-deporte-y-aventura","7":"product_cat-verano-y-playa","9":"first","10":"instock","11":"taxable","12":"shipping-taxable","13":"purchasable","14":"product-type-variable","15":"has-default-attributes"},"aioseo_notices":[],"_links":{"self":[{"href":"https:\/\/imprimeideas.es\/en\/wp-json\/wp\/v2\/product\/48092","targetHints":{"allow":["GET"]}}],"collection":[{"href":"https:\/\/imprimeideas.es\/en\/wp-json\/wp\/v2\/product"}],"about":[{"href":"https:\/\/imprimeideas.es\/en\/wp-json\/wp\/v2\/types\/product"}],"replies":[{"embeddable":true,"href":"https:\/\/imprimeideas.es\/en\/wp-json\/wp\/v2\/comments?post=48092"}],"version-history":[{"count":1,"href":"https:\/\/imprimeideas.es\/en\/wp-json\/wp\/v2\/product\/48092\/revisions"}],"predecessor-version":[{"id":56149,"href":"https:\/\/imprimeideas.es\/en\/wp-json\/wp\/v2\/product\/48092\/revisions\/56149"}],"wp:featuredmedia":[{"embeddable":true,"href":"https:\/\/imprimeideas.es\/en\/wp-json\/wp\/v2\/media\/85849"}],"wp:attachment":[{"href":"https:\/\/imprimeideas.es\/en\/wp-json\/wp\/v2\/media?parent=48092"}],"wp:term":[{"taxonomy":"product_brand","embeddable":true,"href":"https:\/\/imprimeideas.es\/en\/wp-json\/wp\/v2\/product_brand?post=48092"},{"taxonomy":"product_cat","embeddable":true,"href":"https:\/\/imprimeideas.es\/en\/wp-json\/wp\/v2\/product_cat?post=48092"},{"taxonomy":"product_tag","embeddable":true,"href":"https:\/\/imprimeideas.es\/en\/wp-json\/wp\/v2\/product_tag?post=48092"}],"curies":[{"name":"wp","href":"https:\/\/api.w.org\/{rel}","templated":true}]}}