{"id":48051,"date":"2026-02-24T11:43:41","date_gmt":"2026-02-24T10:43:41","guid":{"rendered":"https:\/\/imprimeideas.es\/?post_type=product&p=48051"},"modified":"2026-02-26T18:23:19","modified_gmt":"2026-02-26T17:23:19","slug":"peto-nino-wirtz","status":"publish","type":"product","link":"https:\/\/imprimeideas.es\/en\/product\/peto-nino-wirtz\/","title":{"rendered":"Peto Ni\u00f1o Wirtz"},"content":{"rendered":"<p>Peto deportivo para ni\u00f1os confeccionado en suave y resistente poli\u00e9ster. Incluye ribetes en color negro y laterales reforzados con dos el\u00e1sticos negros que aseguran un ajuste perfecto y libertad de movimiento.<\/p>","protected":false},"excerpt":{"rendered":"<p>Peto deportivo para ni\u00f1os confeccionado en suave y resistente poli\u00e9ster. Incluye ribetes en color negro y laterales reforzados con dos<\/p>","protected":false},"featured_media":74724,"comment_status":"open","ping_status":"open","template":"","meta":{"inline_featured_image":false},"product_brand":[],"product_cat":[101,108],"product_tag":[],"class_list":{"0":"post-48051","1":"product","2":"type-product","3":"status-publish","4":"has-post-thumbnail","6":"product_cat-deporte-y-aventura","7":"product_cat-infantil","9":"first","10":"instock","11":"taxable","12":"shipping-taxable","13":"purchasable","14":"product-type-variable","15":"has-default-attributes"},"aioseo_notices":[],"_links":{"self":[{"href":"https:\/\/imprimeideas.es\/en\/wp-json\/wp\/v2\/product\/48051","targetHints":{"allow":["GET"]}}],"collection":[{"href":"https:\/\/imprimeideas.es\/en\/wp-json\/wp\/v2\/product"}],"about":[{"href":"https:\/\/imprimeideas.es\/en\/wp-json\/wp\/v2\/types\/product"}],"replies":[{"embeddable":true,"href":"https:\/\/imprimeideas.es\/en\/wp-json\/wp\/v2\/comments?post=48051"}],"version-history":[{"count":1,"href":"https:\/\/imprimeideas.es\/en\/wp-json\/wp\/v2\/product\/48051\/revisions"}],"predecessor-version":[{"id":56144,"href":"https:\/\/imprimeideas.es\/en\/wp-json\/wp\/v2\/product\/48051\/revisions\/56144"}],"wp:featuredmedia":[{"embeddable":true,"href":"https:\/\/imprimeideas.es\/en\/wp-json\/wp\/v2\/media\/74724"}],"wp:attachment":[{"href":"https:\/\/imprimeideas.es\/en\/wp-json\/wp\/v2\/media?parent=48051"}],"wp:term":[{"taxonomy":"product_brand","embeddable":true,"href":"https:\/\/imprimeideas.es\/en\/wp-json\/wp\/v2\/product_brand?post=48051"},{"taxonomy":"product_cat","embeddable":true,"href":"https:\/\/imprimeideas.es\/en\/wp-json\/wp\/v2\/product_cat?post=48051"},{"taxonomy":"product_tag","embeddable":true,"href":"https:\/\/imprimeideas.es\/en\/wp-json\/wp\/v2\/product_tag?post=48051"}],"curies":[{"name":"wp","href":"https:\/\/api.w.org\/{rel}","templated":true}]}}