{"id":47903,"date":"2026-02-24T11:43:24","date_gmt":"2026-02-24T10:43:24","guid":{"rendered":"https:\/\/imprimeideas.es\/?post_type=product&p=47903"},"modified":"2026-02-26T18:33:00","modified_gmt":"2026-02-26T17:33:00","slug":"mochila-salkey","status":"publish","type":"product","link":"https:\/\/imprimeideas.es\/en\/product\/mochila-salkey\/","title":{"rendered":"Mochila Salkey"},"content":{"rendered":"<p>Mochila de la m\u00e1s alta gama colecci\u00f3n Limited Edition, Un complemento moderno, funcional y de gran belleza que sobrepasa todas las expectativas. Caracterizada por su elegante y minimalista dise\u00f1o, as\u00ed como su calidad premium en resistente y suave material de PU. Bolsillo principal con cierre de cremallera y elegante solapa con compartimento interior acolchado para port\u00e1til de hasta 15 pulgadas. Pr\u00e1ctico bolsillo frontal con cierre de cremallera invisible y funcional bolsillo trasero en la espalda para mayor seguridad. Con acolchado ergon\u00f3mico en espalda y cintas de hombros ajustables.De la perfecta combinaci\u00f3n entre exclusividad y dise\u00f1o, nace Limited Edition, una colecci\u00f3n especial de ideas promocionales de edidici\u00f3n limitada. Un nuevo concepto, inspirado en la fusi\u00f3n de art\u00edculos premium con las \u00faltimas y m\u00e1s novedosas tendencias y que cuenta con una seleci\u00f3n limitada de unidades, convirtiendo as\u00ed un regalo en una experiencia \u00fanica e inolvidable.Exclusivo estuche de presentaci\u00f3n Limited Edition, con dise\u00f1o protegido por derechos de propiedad industrial.Incluida tarjeta con descripci\u00f3n de Limited Edition en Cart\u00f3n Reciclado.<\/p>","protected":false},"excerpt":{"rendered":"<p>Bolsillo Acolchado para Port\u00e1til. Parte Trasera y Cintas Acolchadas<\/p>","protected":false},"featured_media":61110,"comment_status":"open","ping_status":"open","template":"","meta":{"inline_featured_image":false},"product_brand":[],"product_cat":[120,94],"product_tag":[],"class_list":{"0":"post-47903","1":"product","2":"type-product","3":"status-publish","4":"has-post-thumbnail","6":"product_cat-limited-edition","7":"product_cat-mochilas","9":"first","10":"instock","11":"taxable","12":"shipping-taxable","13":"purchasable","14":"product-type-variable","15":"has-default-attributes"},"aioseo_notices":[],"_links":{"self":[{"href":"https:\/\/imprimeideas.es\/en\/wp-json\/wp\/v2\/product\/47903","targetHints":{"allow":["GET"]}}],"collection":[{"href":"https:\/\/imprimeideas.es\/en\/wp-json\/wp\/v2\/product"}],"about":[{"href":"https:\/\/imprimeideas.es\/en\/wp-json\/wp\/v2\/types\/product"}],"replies":[{"embeddable":true,"href":"https:\/\/imprimeideas.es\/en\/wp-json\/wp\/v2\/comments?post=47903"}],"version-history":[{"count":1,"href":"https:\/\/imprimeideas.es\/en\/wp-json\/wp\/v2\/product\/47903\/revisions"}],"predecessor-version":[{"id":56135,"href":"https:\/\/imprimeideas.es\/en\/wp-json\/wp\/v2\/product\/47903\/revisions\/56135"}],"wp:featuredmedia":[{"embeddable":true,"href":"https:\/\/imprimeideas.es\/en\/wp-json\/wp\/v2\/media\/61110"}],"wp:attachment":[{"href":"https:\/\/imprimeideas.es\/en\/wp-json\/wp\/v2\/media?parent=47903"}],"wp:term":[{"taxonomy":"product_brand","embeddable":true,"href":"https:\/\/imprimeideas.es\/en\/wp-json\/wp\/v2\/product_brand?post=47903"},{"taxonomy":"product_cat","embeddable":true,"href":"https:\/\/imprimeideas.es\/en\/wp-json\/wp\/v2\/product_cat?post=47903"},{"taxonomy":"product_tag","embeddable":true,"href":"https:\/\/imprimeideas.es\/en\/wp-json\/wp\/v2\/product_tag?post=47903"}],"curies":[{"name":"wp","href":"https:\/\/api.w.org\/{rel}","templated":true}]}}