{"id":47899,"date":"2026-02-24T11:43:24","date_gmt":"2026-02-24T10:43:24","guid":{"rendered":"https:\/\/imprimeideas.es\/?post_type=product&p=47899"},"modified":"2026-02-26T18:33:02","modified_gmt":"2026-02-26T17:33:02","slug":"boligrafo-ronuk","status":"publish","type":"product","link":"https:\/\/imprimeideas.es\/en\/product\/boligrafo-ronuk\/","title":{"rendered":"Bol\u00edgrafo Ronuk"},"content":{"rendered":"<p>Bol\u00edgrafo de la m\u00e1s alta gama, colecci\u00f3n Limited Edition. Un complemento moderno, funcional de gran belleza que sobrepasa todas las expectativas. Caracterizado por su elegante y minimalista dise\u00f1o, as\u00ed como su calidad premium en resistente y duradero acero inox, en perfecta sinton\u00eda con el aluminio. Sofisticado sistema de apertura giratoria, con empu\u00f1adura de dise\u00f1o hexagonal en colores metalizados mate y parte superior cil\u00edndrica de sofisticado color antracita brillo con clip met\u00e1lico, recargable y tinta azul. De la perfecta combinaci\u00f3n entre exclusividad y dise\u00f1o, nace Limited Edition, una colecci\u00f3n especial de ideas promocionales de edidici\u00f3n limitada. Un nuevo concepto, inspirado en la fusi\u00f3n de art\u00edculos premium con las \u00faltimas y m\u00e1s novedosas tendencias y que cuenta con una seleci\u00f3n limitada de unidades, convirtiendo as\u00ed un regalo en una experiencia \u00fanica e inolvidable.Exclusivo estuche de presentaci\u00f3n Limited Edition, con dise\u00f1o protegido por derechos de propiedad industrial.Incluida tarjeta con descripci\u00f3n de Limited Edition en Cart\u00f3n Reciclado.<\/p>","protected":false},"excerpt":{"rendered":"<p>Bol\u00edgrafo de la m\u00e1s alta gama, colecci\u00f3n Limited Edition. Un complemento moderno, funcional de gran belleza que sobrepasa todas las<\/p>","protected":false},"featured_media":58962,"comment_status":"open","ping_status":"open","template":"","meta":{"inline_featured_image":false},"product_brand":[],"product_cat":[100],"product_tag":[],"class_list":{"0":"post-47899","1":"product","2":"type-product","3":"status-publish","4":"has-post-thumbnail","6":"product_cat-escritura","8":"first","9":"outofstock","10":"taxable","11":"shipping-taxable","12":"purchasable","13":"product-type-variable","14":"has-default-attributes"},"aioseo_notices":[],"_links":{"self":[{"href":"https:\/\/imprimeideas.es\/en\/wp-json\/wp\/v2\/product\/47899","targetHints":{"allow":["GET"]}}],"collection":[{"href":"https:\/\/imprimeideas.es\/en\/wp-json\/wp\/v2\/product"}],"about":[{"href":"https:\/\/imprimeideas.es\/en\/wp-json\/wp\/v2\/types\/product"}],"replies":[{"embeddable":true,"href":"https:\/\/imprimeideas.es\/en\/wp-json\/wp\/v2\/comments?post=47899"}],"version-history":[{"count":1,"href":"https:\/\/imprimeideas.es\/en\/wp-json\/wp\/v2\/product\/47899\/revisions"}],"predecessor-version":[{"id":56133,"href":"https:\/\/imprimeideas.es\/en\/wp-json\/wp\/v2\/product\/47899\/revisions\/56133"}],"wp:featuredmedia":[{"embeddable":true,"href":"https:\/\/imprimeideas.es\/en\/wp-json\/wp\/v2\/media\/58962"}],"wp:attachment":[{"href":"https:\/\/imprimeideas.es\/en\/wp-json\/wp\/v2\/media?parent=47899"}],"wp:term":[{"taxonomy":"product_brand","embeddable":true,"href":"https:\/\/imprimeideas.es\/en\/wp-json\/wp\/v2\/product_brand?post=47899"},{"taxonomy":"product_cat","embeddable":true,"href":"https:\/\/imprimeideas.es\/en\/wp-json\/wp\/v2\/product_cat?post=47899"},{"taxonomy":"product_tag","embeddable":true,"href":"https:\/\/imprimeideas.es\/en\/wp-json\/wp\/v2\/product_tag?post=47899"}],"curies":[{"name":"wp","href":"https:\/\/api.w.org\/{rel}","templated":true}]}}