{"id":47873,"date":"2026-02-24T11:43:20","date_gmt":"2026-02-24T10:43:20","guid":{"rendered":"https:\/\/imprimeideas.es\/?post_type=product&p=47873"},"modified":"2026-02-26T18:19:41","modified_gmt":"2026-02-26T17:19:41","slug":"bloc-notas-soporte-cruas","status":"publish","type":"product","link":"https:\/\/imprimeideas.es\/en\/product\/bloc-notas-soporte-cruas\/","title":{"rendered":"Bloc Notas Soporte Cruas"},"content":{"rendered":"<p>Bloc de notas soporte fabricado en suave PU. Con tapas r\u00edgidas,cuenta con soporte para smartphone en portada. Incluye bol\u00edgrafo de escritura eterna en color blanco. Con 80 hojas interiores lisas de color crema, el\u00e1stico de cierre negro y marcap\u00e1ginas a juego.<\/p>","protected":false},"excerpt":{"rendered":"<p>Portada R\u00edgida. 80 Hojas. Bol\u00edgrafo L\u00e1piz Eterno Incluido<\/p>","protected":false},"featured_media":72004,"comment_status":"open","ping_status":"open","template":"","meta":{"inline_featured_image":false},"product_brand":[],"product_cat":[96],"product_tag":[],"class_list":{"0":"post-47873","1":"product","2":"type-product","3":"status-publish","4":"has-post-thumbnail","6":"product_cat-oficina-y-negocios","8":"first","9":"instock","10":"taxable","11":"shipping-taxable","12":"purchasable","13":"product-type-variable","14":"has-default-attributes"},"aioseo_notices":[],"_links":{"self":[{"href":"https:\/\/imprimeideas.es\/en\/wp-json\/wp\/v2\/product\/47873","targetHints":{"allow":["GET"]}}],"collection":[{"href":"https:\/\/imprimeideas.es\/en\/wp-json\/wp\/v2\/product"}],"about":[{"href":"https:\/\/imprimeideas.es\/en\/wp-json\/wp\/v2\/types\/product"}],"replies":[{"embeddable":true,"href":"https:\/\/imprimeideas.es\/en\/wp-json\/wp\/v2\/comments?post=47873"}],"version-history":[{"count":1,"href":"https:\/\/imprimeideas.es\/en\/wp-json\/wp\/v2\/product\/47873\/revisions"}],"predecessor-version":[{"id":56129,"href":"https:\/\/imprimeideas.es\/en\/wp-json\/wp\/v2\/product\/47873\/revisions\/56129"}],"wp:featuredmedia":[{"embeddable":true,"href":"https:\/\/imprimeideas.es\/en\/wp-json\/wp\/v2\/media\/72004"}],"wp:attachment":[{"href":"https:\/\/imprimeideas.es\/en\/wp-json\/wp\/v2\/media?parent=47873"}],"wp:term":[{"taxonomy":"product_brand","embeddable":true,"href":"https:\/\/imprimeideas.es\/en\/wp-json\/wp\/v2\/product_brand?post=47873"},{"taxonomy":"product_cat","embeddable":true,"href":"https:\/\/imprimeideas.es\/en\/wp-json\/wp\/v2\/product_cat?post=47873"},{"taxonomy":"product_tag","embeddable":true,"href":"https:\/\/imprimeideas.es\/en\/wp-json\/wp\/v2\/product_tag?post=47873"}],"curies":[{"name":"wp","href":"https:\/\/api.w.org\/{rel}","templated":true}]}}