{"id":47867,"date":"2026-02-24T11:43:20","date_gmt":"2026-02-24T10:43:20","guid":{"rendered":"https:\/\/imprimeideas.es\/?post_type=product&p=47867"},"modified":"2026-02-26T18:33:04","modified_gmt":"2026-02-26T17:33:04","slug":"roller-bobbin","status":"publish","type":"product","link":"https:\/\/imprimeideas.es\/en\/product\/roller-bobbin\/","title":{"rendered":"Roller Bobbin"},"content":{"rendered":"<p>Elegante roller fabricado en bamb\u00fa y aluminio. Con clip met\u00e1lico, empu\u00f1adora y detalles de acabado oro rosa, ca\u00f1a fabricada en bamb\u00fa y tapadera en aluminio. Con cartucho jumbo, en tinta azul y con cierre de capucha.<\/p>","protected":false},"excerpt":{"rendered":"<p>Carga Jumbo<\/p>","protected":false},"featured_media":85719,"comment_status":"open","ping_status":"open","template":"","meta":{"inline_featured_image":false},"product_brand":[],"product_cat":[122,100],"product_tag":[],"class_list":{"0":"post-47867","1":"product","2":"type-product","3":"status-publish","4":"has-post-thumbnail","6":"product_cat-articulos-sostenibles","7":"product_cat-escritura","9":"first","10":"instock","11":"taxable","12":"shipping-taxable","13":"purchasable","14":"product-type-variable","15":"has-default-attributes"},"aioseo_notices":[],"_links":{"self":[{"href":"https:\/\/imprimeideas.es\/en\/wp-json\/wp\/v2\/product\/47867","targetHints":{"allow":["GET"]}}],"collection":[{"href":"https:\/\/imprimeideas.es\/en\/wp-json\/wp\/v2\/product"}],"about":[{"href":"https:\/\/imprimeideas.es\/en\/wp-json\/wp\/v2\/types\/product"}],"replies":[{"embeddable":true,"href":"https:\/\/imprimeideas.es\/en\/wp-json\/wp\/v2\/comments?post=47867"}],"version-history":[{"count":1,"href":"https:\/\/imprimeideas.es\/en\/wp-json\/wp\/v2\/product\/47867\/revisions"}],"predecessor-version":[{"id":56128,"href":"https:\/\/imprimeideas.es\/en\/wp-json\/wp\/v2\/product\/47867\/revisions\/56128"}],"wp:featuredmedia":[{"embeddable":true,"href":"https:\/\/imprimeideas.es\/en\/wp-json\/wp\/v2\/media\/85719"}],"wp:attachment":[{"href":"https:\/\/imprimeideas.es\/en\/wp-json\/wp\/v2\/media?parent=47867"}],"wp:term":[{"taxonomy":"product_brand","embeddable":true,"href":"https:\/\/imprimeideas.es\/en\/wp-json\/wp\/v2\/product_brand?post=47867"},{"taxonomy":"product_cat","embeddable":true,"href":"https:\/\/imprimeideas.es\/en\/wp-json\/wp\/v2\/product_cat?post=47867"},{"taxonomy":"product_tag","embeddable":true,"href":"https:\/\/imprimeideas.es\/en\/wp-json\/wp\/v2\/product_tag?post=47867"}],"curies":[{"name":"wp","href":"https:\/\/api.w.org\/{rel}","templated":true}]}}