{"id":47832,"date":"2026-02-24T11:43:16","date_gmt":"2026-02-24T10:43:16","guid":{"rendered":"https:\/\/imprimeideas.es\/?post_type=product&p=47832"},"modified":"2026-02-26T18:13:39","modified_gmt":"2026-02-26T17:13:39","slug":"vaso-termico-haftal","status":"publish","type":"product","link":"https:\/\/imprimeideas.es\/en\/product\/vaso-termico-haftal\/","title":{"rendered":"Vaso T\u00e9rmico Haftal"},"content":{"rendered":"<p>Vaso t\u00e9rmico fabricado en acero inox de doble pared y 530 ml de capacidad. Es ideal para tener en tu escritorio, mesa o en cualquier superficie donde disfrutar tranquilamente de tu bebida favorita. Con dosificador en tapa transparente de f\u00e1cil apertura, libre de BPA. Especialmente dise\u00f1ado para l\u00e1ser.<\/p>","protected":false},"excerpt":{"rendered":"<p>530 ml<\/p>","protected":false},"featured_media":72866,"comment_status":"open","ping_status":"open","template":"","meta":{"inline_featured_image":false},"product_brand":[],"product_cat":[97],"product_tag":[],"class_list":{"0":"post-47832","1":"product","2":"type-product","3":"status-publish","4":"has-post-thumbnail","6":"product_cat-tazas-jarras-y-termos","8":"first","9":"instock","10":"taxable","11":"shipping-taxable","12":"purchasable","13":"product-type-variable","14":"has-default-attributes"},"aioseo_notices":[],"_links":{"self":[{"href":"https:\/\/imprimeideas.es\/en\/wp-json\/wp\/v2\/product\/47832","targetHints":{"allow":["GET"]}}],"collection":[{"href":"https:\/\/imprimeideas.es\/en\/wp-json\/wp\/v2\/product"}],"about":[{"href":"https:\/\/imprimeideas.es\/en\/wp-json\/wp\/v2\/types\/product"}],"replies":[{"embeddable":true,"href":"https:\/\/imprimeideas.es\/en\/wp-json\/wp\/v2\/comments?post=47832"}],"version-history":[{"count":1,"href":"https:\/\/imprimeideas.es\/en\/wp-json\/wp\/v2\/product\/47832\/revisions"}],"predecessor-version":[{"id":56123,"href":"https:\/\/imprimeideas.es\/en\/wp-json\/wp\/v2\/product\/47832\/revisions\/56123"}],"wp:featuredmedia":[{"embeddable":true,"href":"https:\/\/imprimeideas.es\/en\/wp-json\/wp\/v2\/media\/72866"}],"wp:attachment":[{"href":"https:\/\/imprimeideas.es\/en\/wp-json\/wp\/v2\/media?parent=47832"}],"wp:term":[{"taxonomy":"product_brand","embeddable":true,"href":"https:\/\/imprimeideas.es\/en\/wp-json\/wp\/v2\/product_brand?post=47832"},{"taxonomy":"product_cat","embeddable":true,"href":"https:\/\/imprimeideas.es\/en\/wp-json\/wp\/v2\/product_cat?post=47832"},{"taxonomy":"product_tag","embeddable":true,"href":"https:\/\/imprimeideas.es\/en\/wp-json\/wp\/v2\/product_tag?post=47832"}],"curies":[{"name":"wp","href":"https:\/\/api.w.org\/{rel}","templated":true}]}}