{"id":47826,"date":"2026-02-24T11:43:15","date_gmt":"2026-02-24T10:43:15","guid":{"rendered":"https:\/\/imprimeideas.es\/?post_type=product&p=47826"},"modified":"2026-02-26T18:23:24","modified_gmt":"2026-02-26T17:23:24","slug":"taza-termica-adelax","status":"publish","type":"product","link":"https:\/\/imprimeideas.es\/en\/product\/taza-termica-adelax\/","title":{"rendered":"Taza T\u00e9rmica Adelax"},"content":{"rendered":"<p>Taza t\u00e9rmica fabricada en acero inox de doble pared y 400 ml de capacidad. Exterior en acabado caucho, especialmente dise\u00f1ada para marcaje l\u00e1ser. Incluye tapa de cierre a presi\u00f3n transparente, con dosificador de f\u00e1cil apertura, libre de BPA.<\/p>","protected":false},"excerpt":{"rendered":"<p>400 ml<\/p>","protected":false},"featured_media":76092,"comment_status":"open","ping_status":"open","template":"","meta":{"inline_featured_image":false},"product_brand":[],"product_cat":[97],"product_tag":[],"class_list":{"0":"post-47826","1":"product","2":"type-product","3":"status-publish","4":"has-post-thumbnail","6":"product_cat-tazas-jarras-y-termos","8":"first","9":"instock","10":"taxable","11":"shipping-taxable","12":"purchasable","13":"product-type-variable","14":"has-default-attributes"},"aioseo_notices":[],"_links":{"self":[{"href":"https:\/\/imprimeideas.es\/en\/wp-json\/wp\/v2\/product\/47826","targetHints":{"allow":["GET"]}}],"collection":[{"href":"https:\/\/imprimeideas.es\/en\/wp-json\/wp\/v2\/product"}],"about":[{"href":"https:\/\/imprimeideas.es\/en\/wp-json\/wp\/v2\/types\/product"}],"replies":[{"embeddable":true,"href":"https:\/\/imprimeideas.es\/en\/wp-json\/wp\/v2\/comments?post=47826"}],"version-history":[{"count":1,"href":"https:\/\/imprimeideas.es\/en\/wp-json\/wp\/v2\/product\/47826\/revisions"}],"predecessor-version":[{"id":56122,"href":"https:\/\/imprimeideas.es\/en\/wp-json\/wp\/v2\/product\/47826\/revisions\/56122"}],"wp:featuredmedia":[{"embeddable":true,"href":"https:\/\/imprimeideas.es\/en\/wp-json\/wp\/v2\/media\/76092"}],"wp:attachment":[{"href":"https:\/\/imprimeideas.es\/en\/wp-json\/wp\/v2\/media?parent=47826"}],"wp:term":[{"taxonomy":"product_brand","embeddable":true,"href":"https:\/\/imprimeideas.es\/en\/wp-json\/wp\/v2\/product_brand?post=47826"},{"taxonomy":"product_cat","embeddable":true,"href":"https:\/\/imprimeideas.es\/en\/wp-json\/wp\/v2\/product_cat?post=47826"},{"taxonomy":"product_tag","embeddable":true,"href":"https:\/\/imprimeideas.es\/en\/wp-json\/wp\/v2\/product_tag?post=47826"}],"curies":[{"name":"wp","href":"https:\/\/api.w.org\/{rel}","templated":true}]}}