{"id":47813,"date":"2026-02-24T11:43:13","date_gmt":"2026-02-24T10:43:13","guid":{"rendered":"https:\/\/imprimeideas.es\/?post_type=product&p=47813"},"modified":"2026-02-26T18:08:20","modified_gmt":"2026-02-26T17:08:20","slug":"bolsa-harkal","status":"publish","type":"product","link":"https:\/\/imprimeideas.es\/en\/product\/bolsa-harkal\/","title":{"rendered":"Bolsa Harkal"},"content":{"rendered":"<p>Bolsa fabricada en canvas reciclado de 270g\/m2. Original forma cil\u00edndrica de gran capacidad, con compartimento principal, bolsillo auxiliar interior y pr\u00e1ctico bolsillo exterior con cierre de broche met\u00e1lico. En elegante color negro, de acabado cosido y con asa larga reforzada ajustable. Logotipo Algod\u00f3n Reciclado en etiqueta exterior.<\/p>","protected":false},"excerpt":{"rendered":"<p>Bolsa fabricada en canvas reciclado de 270g\/m2. Original forma cil\u00edndrica de gran capacidad, con compartimento principal, bolsillo auxiliar interior y<\/p>","protected":false},"featured_media":72096,"comment_status":"open","ping_status":"open","template":"","meta":{"inline_featured_image":false},"product_brand":[],"product_cat":[122,99],"product_tag":[],"class_list":{"0":"post-47813","1":"product","2":"type-product","3":"status-publish","4":"has-post-thumbnail","6":"product_cat-articulos-sostenibles","7":"product_cat-bolsas","9":"first","10":"instock","11":"taxable","12":"shipping-taxable","13":"purchasable","14":"product-type-variable","15":"has-default-attributes"},"aioseo_notices":[],"_links":{"self":[{"href":"https:\/\/imprimeideas.es\/en\/wp-json\/wp\/v2\/product\/47813","targetHints":{"allow":["GET"]}}],"collection":[{"href":"https:\/\/imprimeideas.es\/en\/wp-json\/wp\/v2\/product"}],"about":[{"href":"https:\/\/imprimeideas.es\/en\/wp-json\/wp\/v2\/types\/product"}],"replies":[{"embeddable":true,"href":"https:\/\/imprimeideas.es\/en\/wp-json\/wp\/v2\/comments?post=47813"}],"version-history":[{"count":1,"href":"https:\/\/imprimeideas.es\/en\/wp-json\/wp\/v2\/product\/47813\/revisions"}],"predecessor-version":[{"id":56118,"href":"https:\/\/imprimeideas.es\/en\/wp-json\/wp\/v2\/product\/47813\/revisions\/56118"}],"wp:featuredmedia":[{"embeddable":true,"href":"https:\/\/imprimeideas.es\/en\/wp-json\/wp\/v2\/media\/72096"}],"wp:attachment":[{"href":"https:\/\/imprimeideas.es\/en\/wp-json\/wp\/v2\/media?parent=47813"}],"wp:term":[{"taxonomy":"product_brand","embeddable":true,"href":"https:\/\/imprimeideas.es\/en\/wp-json\/wp\/v2\/product_brand?post=47813"},{"taxonomy":"product_cat","embeddable":true,"href":"https:\/\/imprimeideas.es\/en\/wp-json\/wp\/v2\/product_cat?post=47813"},{"taxonomy":"product_tag","embeddable":true,"href":"https:\/\/imprimeideas.es\/en\/wp-json\/wp\/v2\/product_tag?post=47813"}],"curies":[{"name":"wp","href":"https:\/\/api.w.org\/{rel}","templated":true}]}}