{"id":47800,"date":"2026-02-24T11:43:12","date_gmt":"2026-02-24T10:43:12","guid":{"rendered":"https:\/\/imprimeideas.es\/?post_type=product&p=47800"},"modified":"2026-02-26T18:08:23","modified_gmt":"2026-02-26T17:08:23","slug":"lampara-kytek","status":"publish","type":"product","link":"https:\/\/imprimeideas.es\/en\/product\/lampara-kytek\/","title":{"rendered":"L\u00e1mpara Kytek"},"content":{"rendered":"<p>L\u00e1mpara LED con adaptador para insertar en la botella, creando as\u00ed una original l\u00e1mpara. Con 31 LEDs (27 blancos y 4 amarillos) de intensidad regulable por bot\u00f3n t\u00e1ctil. Con bater\u00eda de 800mAh recargable por USB, cable Tipo C incluido.<\/p>","protected":false},"excerpt":{"rendered":"<p>31 Ledes. Intensidad de Luz Regulable. Bater\u00eda 800 mAh<\/p>","protected":false},"featured_media":48255,"comment_status":"open","ping_status":"open","template":"","meta":{"inline_featured_image":false},"product_brand":[],"product_cat":[104,105],"product_tag":[],"class_list":{"0":"post-47800","1":"product","2":"type-product","3":"status-publish","4":"has-post-thumbnail","6":"product_cat-hogar-y-decoracion","7":"product_cat-vino-accesorios-de-bebida-y-hosteleria","9":"first","10":"outofstock","11":"taxable","12":"shipping-taxable","13":"purchasable","14":"product-type-variable","15":"has-default-attributes"},"aioseo_notices":[],"_links":{"self":[{"href":"https:\/\/imprimeideas.es\/en\/wp-json\/wp\/v2\/product\/47800","targetHints":{"allow":["GET"]}}],"collection":[{"href":"https:\/\/imprimeideas.es\/en\/wp-json\/wp\/v2\/product"}],"about":[{"href":"https:\/\/imprimeideas.es\/en\/wp-json\/wp\/v2\/types\/product"}],"replies":[{"embeddable":true,"href":"https:\/\/imprimeideas.es\/en\/wp-json\/wp\/v2\/comments?post=47800"}],"version-history":[{"count":2,"href":"https:\/\/imprimeideas.es\/en\/wp-json\/wp\/v2\/product\/47800\/revisions"}],"predecessor-version":[{"id":56114,"href":"https:\/\/imprimeideas.es\/en\/wp-json\/wp\/v2\/product\/47800\/revisions\/56114"}],"wp:featuredmedia":[{"embeddable":true,"href":"https:\/\/imprimeideas.es\/en\/wp-json\/wp\/v2\/media\/48255"}],"wp:attachment":[{"href":"https:\/\/imprimeideas.es\/en\/wp-json\/wp\/v2\/media?parent=47800"}],"wp:term":[{"taxonomy":"product_brand","embeddable":true,"href":"https:\/\/imprimeideas.es\/en\/wp-json\/wp\/v2\/product_brand?post=47800"},{"taxonomy":"product_cat","embeddable":true,"href":"https:\/\/imprimeideas.es\/en\/wp-json\/wp\/v2\/product_cat?post=47800"},{"taxonomy":"product_tag","embeddable":true,"href":"https:\/\/imprimeideas.es\/en\/wp-json\/wp\/v2\/product_tag?post=47800"}],"curies":[{"name":"wp","href":"https:\/\/api.w.org\/{rel}","templated":true}]}}