{"id":47780,"date":"2026-02-24T11:43:09","date_gmt":"2026-02-24T10:43:09","guid":{"rendered":"https:\/\/imprimeideas.es\/?post_type=product&p=47780"},"modified":"2026-02-26T18:19:15","modified_gmt":"2026-02-26T17:19:15","slug":"vaso-termico-rechex","status":"publish","type":"product","link":"https:\/\/imprimeideas.es\/en\/product\/vaso-termico-rechex\/","title":{"rendered":"Vaso T\u00e9rmico Rechex"},"content":{"rendered":"<p>Vaso t\u00e9rmico fabricado en resistente PP recilado de doble pared y 320 ml de capacidad. Es ideal para tener en tu escritorio, mesa o en cualquier superficie donde disfrutar tranquilamente de tu bebida favorita. Tapa con dosificador de f\u00e1cil apertura, libre de BPA. El PP reciclado es un pl\u00e1stico reciclado y altamente reciclable, de gran resistencia y apto para multitud de aplicaciones.Con certificaci\u00f3n Food Grade, garantizando la seguridad cuando los alimentos entran en contacto con el material usado para fabricar el producto.<\/p>","protected":false},"excerpt":{"rendered":"<p>320 ml<\/p>","protected":false},"featured_media":62277,"comment_status":"open","ping_status":"open","template":"","meta":{"inline_featured_image":false},"product_brand":[],"product_cat":[122,97],"product_tag":[],"class_list":{"0":"post-47780","1":"product","2":"type-product","3":"status-publish","4":"has-post-thumbnail","6":"product_cat-articulos-sostenibles","7":"product_cat-tazas-jarras-y-termos","9":"first","10":"instock","11":"taxable","12":"shipping-taxable","13":"purchasable","14":"product-type-variable","15":"has-default-attributes"},"aioseo_notices":[],"_links":{"self":[{"href":"https:\/\/imprimeideas.es\/en\/wp-json\/wp\/v2\/product\/47780","targetHints":{"allow":["GET"]}}],"collection":[{"href":"https:\/\/imprimeideas.es\/en\/wp-json\/wp\/v2\/product"}],"about":[{"href":"https:\/\/imprimeideas.es\/en\/wp-json\/wp\/v2\/types\/product"}],"replies":[{"embeddable":true,"href":"https:\/\/imprimeideas.es\/en\/wp-json\/wp\/v2\/comments?post=47780"}],"version-history":[{"count":1,"href":"https:\/\/imprimeideas.es\/en\/wp-json\/wp\/v2\/product\/47780\/revisions"}],"predecessor-version":[{"id":56108,"href":"https:\/\/imprimeideas.es\/en\/wp-json\/wp\/v2\/product\/47780\/revisions\/56108"}],"wp:featuredmedia":[{"embeddable":true,"href":"https:\/\/imprimeideas.es\/en\/wp-json\/wp\/v2\/media\/62277"}],"wp:attachment":[{"href":"https:\/\/imprimeideas.es\/en\/wp-json\/wp\/v2\/media?parent=47780"}],"wp:term":[{"taxonomy":"product_brand","embeddable":true,"href":"https:\/\/imprimeideas.es\/en\/wp-json\/wp\/v2\/product_brand?post=47780"},{"taxonomy":"product_cat","embeddable":true,"href":"https:\/\/imprimeideas.es\/en\/wp-json\/wp\/v2\/product_cat?post=47780"},{"taxonomy":"product_tag","embeddable":true,"href":"https:\/\/imprimeideas.es\/en\/wp-json\/wp\/v2\/product_tag?post=47780"}],"curies":[{"name":"wp","href":"https:\/\/api.w.org\/{rel}","templated":true}]}}