{"id":47778,"date":"2026-02-24T11:43:09","date_gmt":"2026-02-24T10:43:09","guid":{"rendered":"https:\/\/imprimeideas.es\/?post_type=product&p=47778"},"modified":"2026-02-26T18:32:56","modified_gmt":"2026-02-26T17:32:56","slug":"portanotas-calendario-perpetuo-dex","status":"publish","type":"product","link":"https:\/\/imprimeideas.es\/en\/product\/portanotas-calendario-perpetuo-dex\/","title":{"rendered":"Portanotas Calendario Perpetuo Dex"},"content":{"rendered":"<p>Portanotas calendario perpetuo con soporte, fabricado en bamb\u00fa. Este elegante calendario perpetuo est\u00e1 compuesto por cubos que indican los d\u00edas de la semana, los meses y los d\u00edas del mes. Incluye soporte para smartphone, 100 notas adhesivas de papel kraft y soporte para dos bol\u00edgrafos. Perfecto para mantener tu escritorio organizado y estilizado.Materiales como el Bamb\u00fa fomentan la utilizaci\u00f3n de materias primas naturales reduciendo las emisiones contaminantes. Adem\u00e1s, el Bamb\u00fa proviene de una planta de gran resistencia y versatilidad, con crecimiento y regeneraci\u00f3n r\u00e1pida, siendo una excelente alternativa al uso de madera tradicional.<\/p>","protected":false},"excerpt":{"rendered":"<p>100 Notas Adhesivas 7.6 x 7.6 cm<\/p>","protected":false},"featured_media":82590,"comment_status":"open","ping_status":"open","template":"","meta":{"inline_featured_image":false},"product_brand":[],"product_cat":[122,96],"product_tag":[],"class_list":{"0":"post-47778","1":"product","2":"type-product","3":"status-publish","4":"has-post-thumbnail","6":"product_cat-articulos-sostenibles","7":"product_cat-oficina-y-negocios","9":"first","10":"outofstock","11":"taxable","12":"shipping-taxable","13":"purchasable","14":"product-type-variable","15":"has-default-attributes"},"aioseo_notices":[],"_links":{"self":[{"href":"https:\/\/imprimeideas.es\/en\/wp-json\/wp\/v2\/product\/47778","targetHints":{"allow":["GET"]}}],"collection":[{"href":"https:\/\/imprimeideas.es\/en\/wp-json\/wp\/v2\/product"}],"about":[{"href":"https:\/\/imprimeideas.es\/en\/wp-json\/wp\/v2\/types\/product"}],"replies":[{"embeddable":true,"href":"https:\/\/imprimeideas.es\/en\/wp-json\/wp\/v2\/comments?post=47778"}],"version-history":[{"count":1,"href":"https:\/\/imprimeideas.es\/en\/wp-json\/wp\/v2\/product\/47778\/revisions"}],"predecessor-version":[{"id":56107,"href":"https:\/\/imprimeideas.es\/en\/wp-json\/wp\/v2\/product\/47778\/revisions\/56107"}],"wp:featuredmedia":[{"embeddable":true,"href":"https:\/\/imprimeideas.es\/en\/wp-json\/wp\/v2\/media\/82590"}],"wp:attachment":[{"href":"https:\/\/imprimeideas.es\/en\/wp-json\/wp\/v2\/media?parent=47778"}],"wp:term":[{"taxonomy":"product_brand","embeddable":true,"href":"https:\/\/imprimeideas.es\/en\/wp-json\/wp\/v2\/product_brand?post=47778"},{"taxonomy":"product_cat","embeddable":true,"href":"https:\/\/imprimeideas.es\/en\/wp-json\/wp\/v2\/product_cat?post=47778"},{"taxonomy":"product_tag","embeddable":true,"href":"https:\/\/imprimeideas.es\/en\/wp-json\/wp\/v2\/product_tag?post=47778"}],"curies":[{"name":"wp","href":"https:\/\/api.w.org\/{rel}","templated":true}]}}