{"id":47772,"date":"2026-02-24T11:43:08","date_gmt":"2026-02-24T10:43:08","guid":{"rendered":"https:\/\/imprimeideas.es\/?post_type=product&p=47772"},"modified":"2026-02-26T18:03:05","modified_gmt":"2026-02-26T17:03:05","slug":"altavoz-cargador-sprit","status":"publish","type":"product","link":"https:\/\/imprimeideas.es\/en\/product\/altavoz-cargador-sprit\/","title":{"rendered":"Altavoz Cargador Sprit"},"content":{"rendered":"<p>Altavoz cargador Bluetooth con carga inal\u00e1mbrica de 15W, fabricado en RPET y bamb\u00fa. Equipado con un sistema de iluminaci\u00f3n, con 12 LEDs, que se sincronizan con el ritmo de la m\u00fasica, creando ambientes vibrantes y envolventes. Incluye una pr\u00e1ctica y suave asa de silicona para facilitar su transporte. Incluye distintivo RPET.El material RPET se elabora a partir de pl\u00e1stico reciclado, para as\u00ed fomentar la reutilizaci\u00f3n de residuos pl\u00e1sticos y ayudar a la sostenibilidad del planeta.Materiales como el Bamb\u00fa fomentan la utilizaci\u00f3n de materias primas naturales, reduciendo las emisiones contaminantes. Proviene de una planta de gran resistencia y versatilidad, con crecimiento y regeneraci\u00f3n r\u00e1pidos, siendo una excelente alternativa al uso de madera tradicional.<\/p>","protected":false},"excerpt":{"rendered":"<p>Luces Led. Inal\u00e1mbrico 15W. Conexi\u00f3n Bluetooth. Potencia Sonido 5W. Bater\u00eda 1200 mAh<\/p>","protected":false},"featured_media":74761,"comment_status":"open","ping_status":"open","template":"","meta":{"inline_featured_image":false},"product_brand":[],"product_cat":[122,95],"product_tag":[],"class_list":{"0":"post-47772","1":"product","2":"type-product","3":"status-publish","4":"has-post-thumbnail","6":"product_cat-articulos-sostenibles","7":"product_cat-tecnologia-y-accesorios","9":"first","10":"instock","11":"taxable","12":"shipping-taxable","13":"purchasable","14":"product-type-variable","15":"has-default-attributes"},"aioseo_notices":[],"_links":{"self":[{"href":"https:\/\/imprimeideas.es\/en\/wp-json\/wp\/v2\/product\/47772","targetHints":{"allow":["GET"]}}],"collection":[{"href":"https:\/\/imprimeideas.es\/en\/wp-json\/wp\/v2\/product"}],"about":[{"href":"https:\/\/imprimeideas.es\/en\/wp-json\/wp\/v2\/types\/product"}],"replies":[{"embeddable":true,"href":"https:\/\/imprimeideas.es\/en\/wp-json\/wp\/v2\/comments?post=47772"}],"version-history":[{"count":1,"href":"https:\/\/imprimeideas.es\/en\/wp-json\/wp\/v2\/product\/47772\/revisions"}],"predecessor-version":[{"id":56104,"href":"https:\/\/imprimeideas.es\/en\/wp-json\/wp\/v2\/product\/47772\/revisions\/56104"}],"wp:featuredmedia":[{"embeddable":true,"href":"https:\/\/imprimeideas.es\/en\/wp-json\/wp\/v2\/media\/74761"}],"wp:attachment":[{"href":"https:\/\/imprimeideas.es\/en\/wp-json\/wp\/v2\/media?parent=47772"}],"wp:term":[{"taxonomy":"product_brand","embeddable":true,"href":"https:\/\/imprimeideas.es\/en\/wp-json\/wp\/v2\/product_brand?post=47772"},{"taxonomy":"product_cat","embeddable":true,"href":"https:\/\/imprimeideas.es\/en\/wp-json\/wp\/v2\/product_cat?post=47772"},{"taxonomy":"product_tag","embeddable":true,"href":"https:\/\/imprimeideas.es\/en\/wp-json\/wp\/v2\/product_tag?post=47772"}],"curies":[{"name":"wp","href":"https:\/\/api.w.org\/{rel}","templated":true}]}}