{"id":47763,"date":"2026-02-24T11:43:07","date_gmt":"2026-02-24T10:43:07","guid":{"rendered":"https:\/\/imprimeideas.es\/?post_type=product&p=47763"},"modified":"2026-02-26T18:33:02","modified_gmt":"2026-02-26T17:33:02","slug":"set-kassex","status":"publish","type":"product","link":"https:\/\/imprimeideas.es\/en\/product\/set-kassex\/","title":{"rendered":"Set Kassex"},"content":{"rendered":"<p>Set de bloc de notas y bol\u00edgrafo fabricados en PU Reciclado y Aluminio Reciclado. En elegante negro mate y con distinguidos accesorios en acabado oro rosa. El set incluye: &#8211; Bloc de notas fabricado en PU Reciclada y elegante detalle en oro rosado, con tapas r\u00edgidas y sistema de cierre imantado. Incluye 80 p\u00e1ginas de color crema con l\u00edneas, un marcap\u00e1ginas a juego y soporte para bol\u00edgrafo. Con distintivo PU Reciclada. &#8211; Bol\u00edgrafo de aluminio reciclado, con cuerpo en color negro mate y detalles en acabado oro rosa. Dispone de clip met\u00e1lico, mecanismo giratorio y tinta azul. Incluye distintivo de aluminio reciclado. Todo el conjunto se presenta en un elegante estuche negro.La PU Reciclada destaca por su resistencia y elasticidad. Este material reciclado y reciclable es una opci\u00f3n sostenible que rescata las fibras desechadas en los procesos de fabricaci\u00f3n, minimizando as\u00ed el desperdicio de material y contribuyendo a su vez a reducir el impacto ambiental, manteniendo a la vez sus propiedades originales.El Aluminio Reciclado es un material con posibilidades de reciclaje casi infinitas, sin perder sus propiedades originales y consumiendo menos energ\u00eda en este proceso.Certificaci\u00f3n GRS (Global Recycled Standard \/ Est\u00e1ndar de Reciclaje Global), que garantiza el origen reciclado del material usado para fabricar el producto.<\/p>","protected":false},"excerpt":{"rendered":"<p>Bloc PU Reciclada. Portada R\u00edgida. 80 Hojas. Bol\u00edgrafo Aluminio Reciclado Incluido<\/p>","protected":false},"featured_media":64836,"comment_status":"open","ping_status":"open","template":"","meta":{"inline_featured_image":false},"product_brand":[],"product_cat":[122,100,106],"product_tag":[],"class_list":{"0":"post-47763","1":"product","2":"type-product","3":"status-publish","4":"has-post-thumbnail","6":"product_cat-articulos-sostenibles","7":"product_cat-escritura","8":"product_cat-regalos-y-premiums","10":"first","11":"instock","12":"taxable","13":"shipping-taxable","14":"purchasable","15":"product-type-variable","16":"has-default-attributes"},"aioseo_notices":[],"_links":{"self":[{"href":"https:\/\/imprimeideas.es\/en\/wp-json\/wp\/v2\/product\/47763","targetHints":{"allow":["GET"]}}],"collection":[{"href":"https:\/\/imprimeideas.es\/en\/wp-json\/wp\/v2\/product"}],"about":[{"href":"https:\/\/imprimeideas.es\/en\/wp-json\/wp\/v2\/types\/product"}],"replies":[{"embeddable":true,"href":"https:\/\/imprimeideas.es\/en\/wp-json\/wp\/v2\/comments?post=47763"}],"version-history":[{"count":2,"href":"https:\/\/imprimeideas.es\/en\/wp-json\/wp\/v2\/product\/47763\/revisions"}],"predecessor-version":[{"id":56100,"href":"https:\/\/imprimeideas.es\/en\/wp-json\/wp\/v2\/product\/47763\/revisions\/56100"}],"wp:featuredmedia":[{"embeddable":true,"href":"https:\/\/imprimeideas.es\/en\/wp-json\/wp\/v2\/media\/64836"}],"wp:attachment":[{"href":"https:\/\/imprimeideas.es\/en\/wp-json\/wp\/v2\/media?parent=47763"}],"wp:term":[{"taxonomy":"product_brand","embeddable":true,"href":"https:\/\/imprimeideas.es\/en\/wp-json\/wp\/v2\/product_brand?post=47763"},{"taxonomy":"product_cat","embeddable":true,"href":"https:\/\/imprimeideas.es\/en\/wp-json\/wp\/v2\/product_cat?post=47763"},{"taxonomy":"product_tag","embeddable":true,"href":"https:\/\/imprimeideas.es\/en\/wp-json\/wp\/v2\/product_tag?post=47763"}],"curies":[{"name":"wp","href":"https:\/\/api.w.org\/{rel}","templated":true}]}}