{"id":47756,"date":"2026-02-24T11:43:06","date_gmt":"2026-02-24T10:43:06","guid":{"rendered":"https:\/\/imprimeideas.es\/?post_type=product&p=47756"},"modified":"2026-02-26T18:08:17","modified_gmt":"2026-02-26T17:08:17","slug":"pulsera-luco","status":"publish","type":"product","link":"https:\/\/imprimeideas.es\/en\/product\/pulsera-luco\/","title":{"rendered":"Pulsera Luco"},"content":{"rendered":"<p>Pulsera de piel marr\u00f3n adornada con cordones de algod\u00f3n encerados a juego y abalorios plateados, incluyendo un charm con el s\u00edmbolo de la paz. Cuenta con un original cierre de aleaci\u00f3n de zinc en tono plateado. Presentada en cart\u00f3n kraft con superficie lisa para el marcaje.<\/p>","protected":false},"excerpt":{"rendered":"<p>Pulsera de piel marr\u00f3n adornada con cordones de algod\u00f3n encerados a juego y abalorios plateados, incluyendo un charm con el<\/p>","protected":false},"featured_media":66805,"comment_status":"open","ping_status":"open","template":"","meta":{"inline_featured_image":false},"product_brand":[],"product_cat":[106],"product_tag":[],"class_list":{"0":"post-47756","1":"product","2":"type-product","3":"status-publish","4":"has-post-thumbnail","6":"product_cat-regalos-y-premiums","8":"first","9":"instock","10":"taxable","11":"shipping-taxable","12":"purchasable","13":"product-type-variable","14":"has-default-attributes"},"aioseo_notices":[],"_links":{"self":[{"href":"https:\/\/imprimeideas.es\/en\/wp-json\/wp\/v2\/product\/47756","targetHints":{"allow":["GET"]}}],"collection":[{"href":"https:\/\/imprimeideas.es\/en\/wp-json\/wp\/v2\/product"}],"about":[{"href":"https:\/\/imprimeideas.es\/en\/wp-json\/wp\/v2\/types\/product"}],"replies":[{"embeddable":true,"href":"https:\/\/imprimeideas.es\/en\/wp-json\/wp\/v2\/comments?post=47756"}],"version-history":[{"count":1,"href":"https:\/\/imprimeideas.es\/en\/wp-json\/wp\/v2\/product\/47756\/revisions"}],"predecessor-version":[{"id":56096,"href":"https:\/\/imprimeideas.es\/en\/wp-json\/wp\/v2\/product\/47756\/revisions\/56096"}],"wp:featuredmedia":[{"embeddable":true,"href":"https:\/\/imprimeideas.es\/en\/wp-json\/wp\/v2\/media\/66805"}],"wp:attachment":[{"href":"https:\/\/imprimeideas.es\/en\/wp-json\/wp\/v2\/media?parent=47756"}],"wp:term":[{"taxonomy":"product_brand","embeddable":true,"href":"https:\/\/imprimeideas.es\/en\/wp-json\/wp\/v2\/product_brand?post=47756"},{"taxonomy":"product_cat","embeddable":true,"href":"https:\/\/imprimeideas.es\/en\/wp-json\/wp\/v2\/product_cat?post=47756"},{"taxonomy":"product_tag","embeddable":true,"href":"https:\/\/imprimeideas.es\/en\/wp-json\/wp\/v2\/product_tag?post=47756"}],"curies":[{"name":"wp","href":"https:\/\/api.w.org\/{rel}","templated":true}]}}