{"id":47754,"date":"2026-02-24T11:43:06","date_gmt":"2026-02-24T10:43:06","guid":{"rendered":"https:\/\/imprimeideas.es\/?post_type=product&p=47754"},"modified":"2026-02-26T18:19:41","modified_gmt":"2026-02-26T17:19:41","slug":"set-blexa","status":"publish","type":"product","link":"https:\/\/imprimeideas.es\/en\/product\/set-blexa\/","title":{"rendered":"Set Blexa"},"content":{"rendered":"<p>Distinguido set de bol\u00edgrafo y roller, con cuerpos dise\u00f1ados en elegante aluminio de acabado negro mate y detalles decorativos en oro rosado. Ambos presentan una estilizada ca\u00f1a y clip met\u00e1lico. El bol\u00edgrafo cuenta con un mecanismo giratorio. El roller incluye capucha. Ambos con tinta azul y cartucho jumbo. Presentados en un sofisticado estuche negro con tacto de piel e interior blanco.<\/p>","protected":false},"excerpt":{"rendered":"<p>Bol\u00edgrafo y Roller. Carga Jumbo<\/p>","protected":false},"featured_media":48321,"comment_status":"open","ping_status":"open","template":"","meta":{"inline_featured_image":false},"product_brand":[],"product_cat":[100],"product_tag":[],"class_list":{"0":"post-47754","1":"product","2":"type-product","3":"status-publish","4":"has-post-thumbnail","6":"product_cat-escritura","8":"first","9":"instock","10":"taxable","11":"shipping-taxable","12":"purchasable","13":"product-type-variable","14":"has-default-attributes"},"aioseo_notices":[],"_links":{"self":[{"href":"https:\/\/imprimeideas.es\/en\/wp-json\/wp\/v2\/product\/47754","targetHints":{"allow":["GET"]}}],"collection":[{"href":"https:\/\/imprimeideas.es\/en\/wp-json\/wp\/v2\/product"}],"about":[{"href":"https:\/\/imprimeideas.es\/en\/wp-json\/wp\/v2\/types\/product"}],"replies":[{"embeddable":true,"href":"https:\/\/imprimeideas.es\/en\/wp-json\/wp\/v2\/comments?post=47754"}],"version-history":[{"count":1,"href":"https:\/\/imprimeideas.es\/en\/wp-json\/wp\/v2\/product\/47754\/revisions"}],"predecessor-version":[{"id":56095,"href":"https:\/\/imprimeideas.es\/en\/wp-json\/wp\/v2\/product\/47754\/revisions\/56095"}],"wp:featuredmedia":[{"embeddable":true,"href":"https:\/\/imprimeideas.es\/en\/wp-json\/wp\/v2\/media\/48321"}],"wp:attachment":[{"href":"https:\/\/imprimeideas.es\/en\/wp-json\/wp\/v2\/media?parent=47754"}],"wp:term":[{"taxonomy":"product_brand","embeddable":true,"href":"https:\/\/imprimeideas.es\/en\/wp-json\/wp\/v2\/product_brand?post=47754"},{"taxonomy":"product_cat","embeddable":true,"href":"https:\/\/imprimeideas.es\/en\/wp-json\/wp\/v2\/product_cat?post=47754"},{"taxonomy":"product_tag","embeddable":true,"href":"https:\/\/imprimeideas.es\/en\/wp-json\/wp\/v2\/product_tag?post=47754"}],"curies":[{"name":"wp","href":"https:\/\/api.w.org\/{rel}","templated":true}]}}