{"id":47738,"date":"2026-02-24T11:43:04","date_gmt":"2026-02-24T10:43:04","guid":{"rendered":"https:\/\/imprimeideas.es\/?post_type=product&p=47738"},"modified":"2026-02-26T18:13:39","modified_gmt":"2026-02-26T17:13:39","slug":"bloc-notas-funda-katz","status":"publish","type":"product","link":"https:\/\/imprimeideas.es\/en\/product\/bloc-notas-funda-katz\/","title":{"rendered":"Bloc Notas Funda Katz"},"content":{"rendered":"<p>Bloc de Notas con Funda. Incluye:- Bloc de notas interior tama\u00f1o A5, con tapas\u00a0r\u00edgidas y 100 hojas de disposici\u00f3n a una raya. &#8211; Funda fabricada en RPET 600D, con pr\u00e1ctico bolsillo lateral de cremallera, ideal para tener siempre a mano los objetos personales. Adem\u00e1s, es extra\u00edble y reutilizable en otros modelos de bloc, convirti\u00e9ndose en una soluci\u00f3n vers\u00e1til y sostenible. Incluye soporte para bol\u00edgrafo y cierre el\u00e1stico en color negro. Con logotipo RPET en contraportada.El material RPET se elabora a partir de pl\u00e1stico reciclado, para as\u00ed fomentar la reutilizaci\u00f3n de residuos pl\u00e1sticos y ayudar a la sostenibilidad del planeta.<\/p>","protected":false},"excerpt":{"rendered":"<p>Portada R\u00edgida. 100 Hojas<\/p>","protected":false},"featured_media":75747,"comment_status":"open","ping_status":"open","template":"","meta":{"inline_featured_image":false},"product_brand":[],"product_cat":[122,96],"product_tag":[],"class_list":{"0":"post-47738","1":"product","2":"type-product","3":"status-publish","4":"has-post-thumbnail","6":"product_cat-articulos-sostenibles","7":"product_cat-oficina-y-negocios","9":"first","10":"instock","11":"taxable","12":"shipping-taxable","13":"purchasable","14":"product-type-variable","15":"has-default-attributes"},"aioseo_notices":[],"_links":{"self":[{"href":"https:\/\/imprimeideas.es\/en\/wp-json\/wp\/v2\/product\/47738","targetHints":{"allow":["GET"]}}],"collection":[{"href":"https:\/\/imprimeideas.es\/en\/wp-json\/wp\/v2\/product"}],"about":[{"href":"https:\/\/imprimeideas.es\/en\/wp-json\/wp\/v2\/types\/product"}],"replies":[{"embeddable":true,"href":"https:\/\/imprimeideas.es\/en\/wp-json\/wp\/v2\/comments?post=47738"}],"version-history":[{"count":1,"href":"https:\/\/imprimeideas.es\/en\/wp-json\/wp\/v2\/product\/47738\/revisions"}],"predecessor-version":[{"id":56089,"href":"https:\/\/imprimeideas.es\/en\/wp-json\/wp\/v2\/product\/47738\/revisions\/56089"}],"wp:featuredmedia":[{"embeddable":true,"href":"https:\/\/imprimeideas.es\/en\/wp-json\/wp\/v2\/media\/75747"}],"wp:attachment":[{"href":"https:\/\/imprimeideas.es\/en\/wp-json\/wp\/v2\/media?parent=47738"}],"wp:term":[{"taxonomy":"product_brand","embeddable":true,"href":"https:\/\/imprimeideas.es\/en\/wp-json\/wp\/v2\/product_brand?post=47738"},{"taxonomy":"product_cat","embeddable":true,"href":"https:\/\/imprimeideas.es\/en\/wp-json\/wp\/v2\/product_cat?post=47738"},{"taxonomy":"product_tag","embeddable":true,"href":"https:\/\/imprimeideas.es\/en\/wp-json\/wp\/v2\/product_tag?post=47738"}],"curies":[{"name":"wp","href":"https:\/\/api.w.org\/{rel}","templated":true}]}}