{"id":47730,"date":"2026-02-24T11:43:04","date_gmt":"2026-02-24T10:43:04","guid":{"rendered":"https:\/\/imprimeideas.es\/?post_type=product&p=47730"},"modified":"2026-02-26T18:23:29","modified_gmt":"2026-02-26T17:23:29","slug":"vaso-mezclador-darby","status":"publish","type":"product","link":"https:\/\/imprimeideas.es\/en\/product\/vaso-mezclador-darby\/","title":{"rendered":"Vaso Mezclador Darby"},"content":{"rendered":"<p>Vaso mezclador de 300 ml de capacidad. Con mezclador el\u00e9ctrico en tapadera. Con dos velocidades y tapa ajustable. Incluye escala de medidas impresa en el lateral para disfrutar de la bebida perfecta. Fabricado conforme a los est\u00e1ndares RoHS y en cumplimiento con los siguientes requisitos de seguridad:Sistema de protecci\u00f3n contra sobrecalentamiento. Sistema de protecci\u00f3n contra sobrecarga. Sistema de bloqueo para evitar cortocircuitos.<\/p>","protected":false},"excerpt":{"rendered":"<p>300 ml. 2 Posiciones. Bater\u00eda 500 mAh<\/p>","protected":false},"featured_media":85932,"comment_status":"open","ping_status":"open","template":"","meta":{"inline_featured_image":false},"product_brand":[],"product_cat":[101,104,97],"product_tag":[],"class_list":{"0":"post-47730","1":"product","2":"type-product","3":"status-publish","4":"has-post-thumbnail","6":"product_cat-deporte-y-aventura","7":"product_cat-hogar-y-decoracion","8":"product_cat-tazas-jarras-y-termos","10":"first","11":"instock","12":"taxable","13":"shipping-taxable","14":"purchasable","15":"product-type-variable","16":"has-default-attributes"},"aioseo_notices":[],"_links":{"self":[{"href":"https:\/\/imprimeideas.es\/en\/wp-json\/wp\/v2\/product\/47730","targetHints":{"allow":["GET"]}}],"collection":[{"href":"https:\/\/imprimeideas.es\/en\/wp-json\/wp\/v2\/product"}],"about":[{"href":"https:\/\/imprimeideas.es\/en\/wp-json\/wp\/v2\/types\/product"}],"replies":[{"embeddable":true,"href":"https:\/\/imprimeideas.es\/en\/wp-json\/wp\/v2\/comments?post=47730"}],"version-history":[{"count":1,"href":"https:\/\/imprimeideas.es\/en\/wp-json\/wp\/v2\/product\/47730\/revisions"}],"predecessor-version":[{"id":56087,"href":"https:\/\/imprimeideas.es\/en\/wp-json\/wp\/v2\/product\/47730\/revisions\/56087"}],"wp:featuredmedia":[{"embeddable":true,"href":"https:\/\/imprimeideas.es\/en\/wp-json\/wp\/v2\/media\/85932"}],"wp:attachment":[{"href":"https:\/\/imprimeideas.es\/en\/wp-json\/wp\/v2\/media?parent=47730"}],"wp:term":[{"taxonomy":"product_brand","embeddable":true,"href":"https:\/\/imprimeideas.es\/en\/wp-json\/wp\/v2\/product_brand?post=47730"},{"taxonomy":"product_cat","embeddable":true,"href":"https:\/\/imprimeideas.es\/en\/wp-json\/wp\/v2\/product_cat?post=47730"},{"taxonomy":"product_tag","embeddable":true,"href":"https:\/\/imprimeideas.es\/en\/wp-json\/wp\/v2\/product_tag?post=47730"}],"curies":[{"name":"wp","href":"https:\/\/api.w.org\/{rel}","templated":true}]}}