{"id":47728,"date":"2026-02-24T11:43:03","date_gmt":"2026-02-24T10:43:03","guid":{"rendered":"https:\/\/imprimeideas.es\/?post_type=product&p=47728"},"modified":"2026-02-26T18:42:29","modified_gmt":"2026-02-26T17:42:29","slug":"paraguas-pulsak","status":"publish","type":"product","link":"https:\/\/imprimeideas.es\/en\/product\/paraguas-pulsak\/","title":{"rendered":"Paraguas Pulsak"},"content":{"rendered":"<p>Paraguas fabricado en RPET. Incluye pr\u00e1ctico mango linterna con giro de 180\u00ba en suave tacto goma y bot\u00f3n ON\/OFF. Di\u00e1metro de 105 cm en material pongee 190T RPET. De apertura y cierre autom\u00e1ticos, con sistema antiviento y varillas en fibra de vidrio. Incluye distintivo RPET en funda. Alimentaci\u00f3n a pilas (de bot\u00f3n incluidas).El material RPET se elabora a partir de pl\u00e1stico reciclado, para as\u00ed fomentar la reutilizaci\u00f3n de residuos pl\u00e1sticos y ayudar a la sostenibilidad del planeta.<\/p>","protected":false},"excerpt":{"rendered":"<p>1 Led. 23&#8243;. Apertura y Cierre Autom\u00e1tico. Sistema Antiviento. Funda Pongee RPET. Pilas Bot\u00f3n Incluidas<\/p>","protected":false},"featured_media":72962,"comment_status":"open","ping_status":"open","template":"","meta":{"inline_featured_image":false},"product_brand":[],"product_cat":[122,118],"product_tag":[],"class_list":{"0":"post-47728","1":"product","2":"type-product","3":"status-publish","4":"has-post-thumbnail","6":"product_cat-articulos-sostenibles","7":"product_cat-lluvia-y-frio","9":"first","10":"outofstock","11":"taxable","12":"shipping-taxable","13":"purchasable","14":"product-type-variable","15":"has-default-attributes"},"aioseo_notices":[],"_links":{"self":[{"href":"https:\/\/imprimeideas.es\/en\/wp-json\/wp\/v2\/product\/47728","targetHints":{"allow":["GET"]}}],"collection":[{"href":"https:\/\/imprimeideas.es\/en\/wp-json\/wp\/v2\/product"}],"about":[{"href":"https:\/\/imprimeideas.es\/en\/wp-json\/wp\/v2\/types\/product"}],"replies":[{"embeddable":true,"href":"https:\/\/imprimeideas.es\/en\/wp-json\/wp\/v2\/comments?post=47728"}],"version-history":[{"count":1,"href":"https:\/\/imprimeideas.es\/en\/wp-json\/wp\/v2\/product\/47728\/revisions"}],"predecessor-version":[{"id":56086,"href":"https:\/\/imprimeideas.es\/en\/wp-json\/wp\/v2\/product\/47728\/revisions\/56086"}],"wp:featuredmedia":[{"embeddable":true,"href":"https:\/\/imprimeideas.es\/en\/wp-json\/wp\/v2\/media\/72962"}],"wp:attachment":[{"href":"https:\/\/imprimeideas.es\/en\/wp-json\/wp\/v2\/media?parent=47728"}],"wp:term":[{"taxonomy":"product_brand","embeddable":true,"href":"https:\/\/imprimeideas.es\/en\/wp-json\/wp\/v2\/product_brand?post=47728"},{"taxonomy":"product_cat","embeddable":true,"href":"https:\/\/imprimeideas.es\/en\/wp-json\/wp\/v2\/product_cat?post=47728"},{"taxonomy":"product_tag","embeddable":true,"href":"https:\/\/imprimeideas.es\/en\/wp-json\/wp\/v2\/product_tag?post=47728"}],"curies":[{"name":"wp","href":"https:\/\/api.w.org\/{rel}","templated":true}]}}