{"id":47682,"date":"2026-02-24T11:42:19","date_gmt":"2026-02-24T10:42:19","guid":{"rendered":"https:\/\/imprimeideas.es\/?post_type=product&p=47682"},"modified":"2026-02-26T18:28:10","modified_gmt":"2026-02-26T17:28:10","slug":"lampara-rosity","status":"publish","type":"product","link":"https:\/\/imprimeideas.es\/en\/product\/lampara-rosity\/","title":{"rendered":"L\u00e1mpara Rosity"},"content":{"rendered":"<p>L\u00e1mpara de dise\u00f1o en acabado oro rosa. Incluye 3 modos de luz (blanca, neutra y c\u00e1lida) y sistema de regulaci\u00f3n de intensidad de luz t\u00e1ctil. Equipada con 24 LEDs. Con bot\u00f3n encendido\/apagado.<\/p>","protected":false},"excerpt":{"rendered":"<p>24 Ledes. 3 Posiciones de Luz. Intensidad de Luz Regulable. Bater\u00eda 1.200 mAh<\/p>","protected":false},"featured_media":81722,"comment_status":"open","ping_status":"open","template":"","meta":{"inline_featured_image":false},"product_brand":[],"product_cat":[104,105],"product_tag":[],"class_list":{"0":"post-47682","1":"product","2":"type-product","3":"status-publish","4":"has-post-thumbnail","6":"product_cat-hogar-y-decoracion","7":"product_cat-vino-accesorios-de-bebida-y-hosteleria","9":"first","10":"instock","11":"taxable","12":"shipping-taxable","13":"purchasable","14":"product-type-variable","15":"has-default-attributes"},"aioseo_notices":[],"_links":{"self":[{"href":"https:\/\/imprimeideas.es\/en\/wp-json\/wp\/v2\/product\/47682","targetHints":{"allow":["GET"]}}],"collection":[{"href":"https:\/\/imprimeideas.es\/en\/wp-json\/wp\/v2\/product"}],"about":[{"href":"https:\/\/imprimeideas.es\/en\/wp-json\/wp\/v2\/types\/product"}],"replies":[{"embeddable":true,"href":"https:\/\/imprimeideas.es\/en\/wp-json\/wp\/v2\/comments?post=47682"}],"version-history":[{"count":1,"href":"https:\/\/imprimeideas.es\/en\/wp-json\/wp\/v2\/product\/47682\/revisions"}],"predecessor-version":[{"id":56083,"href":"https:\/\/imprimeideas.es\/en\/wp-json\/wp\/v2\/product\/47682\/revisions\/56083"}],"wp:featuredmedia":[{"embeddable":true,"href":"https:\/\/imprimeideas.es\/en\/wp-json\/wp\/v2\/media\/81722"}],"wp:attachment":[{"href":"https:\/\/imprimeideas.es\/en\/wp-json\/wp\/v2\/media?parent=47682"}],"wp:term":[{"taxonomy":"product_brand","embeddable":true,"href":"https:\/\/imprimeideas.es\/en\/wp-json\/wp\/v2\/product_brand?post=47682"},{"taxonomy":"product_cat","embeddable":true,"href":"https:\/\/imprimeideas.es\/en\/wp-json\/wp\/v2\/product_cat?post=47682"},{"taxonomy":"product_tag","embeddable":true,"href":"https:\/\/imprimeideas.es\/en\/wp-json\/wp\/v2\/product_tag?post=47682"}],"curies":[{"name":"wp","href":"https:\/\/api.w.org\/{rel}","templated":true}]}}