{"id":47675,"date":"2026-02-24T11:42:18","date_gmt":"2026-02-24T10:42:18","guid":{"rendered":"https:\/\/imprimeideas.es\/?post_type=product&p=47675"},"modified":"2026-02-26T18:28:01","modified_gmt":"2026-02-26T17:28:01","slug":"altavoz-digby","status":"publish","type":"product","link":"https:\/\/imprimeideas.es\/en\/product\/altavoz-digby\/","title":{"rendered":"Altavoz Digby"},"content":{"rendered":"<p>Altavoz est\u00e9reo Bluetooth 2x5W con luz multicolor. Fabricado en resistente tejido premium y asa de transporte en tejido trenzado bitono con agarre de suave silicona. Incluye zona lateral especial para marcaje. Con luces LEDs multicolor con 7 posiciones de iluminaci\u00f3n. Conexi\u00f3n Bluetooth 5.3 con panel de control integrado parte superior. Cuenta con funci\u00f3n manos libres, conexi\u00f3n USB, conexi\u00f3n Tipo C, lector de Micro SD.<\/p>","protected":false},"excerpt":{"rendered":"<p>Ledes Inteligentes Multicolor. 7 Posiciones de Luz. Conexi\u00f3n Bluetooth. Potencia Sonido 5Wx2. Bater\u00eda 1200 mAh<\/p>","protected":false},"featured_media":66766,"comment_status":"open","ping_status":"open","template":"","meta":{"inline_featured_image":false},"product_brand":[],"product_cat":[95],"product_tag":[],"class_list":{"0":"post-47675","1":"product","2":"type-product","3":"status-publish","4":"has-post-thumbnail","6":"product_cat-tecnologia-y-accesorios","8":"first","9":"outofstock","10":"taxable","11":"shipping-taxable","12":"purchasable","13":"product-type-variable","14":"has-default-attributes"},"aioseo_notices":[],"_links":{"self":[{"href":"https:\/\/imprimeideas.es\/en\/wp-json\/wp\/v2\/product\/47675","targetHints":{"allow":["GET"]}}],"collection":[{"href":"https:\/\/imprimeideas.es\/en\/wp-json\/wp\/v2\/product"}],"about":[{"href":"https:\/\/imprimeideas.es\/en\/wp-json\/wp\/v2\/types\/product"}],"replies":[{"embeddable":true,"href":"https:\/\/imprimeideas.es\/en\/wp-json\/wp\/v2\/comments?post=47675"}],"version-history":[{"count":1,"href":"https:\/\/imprimeideas.es\/en\/wp-json\/wp\/v2\/product\/47675\/revisions"}],"predecessor-version":[{"id":56081,"href":"https:\/\/imprimeideas.es\/en\/wp-json\/wp\/v2\/product\/47675\/revisions\/56081"}],"wp:featuredmedia":[{"embeddable":true,"href":"https:\/\/imprimeideas.es\/en\/wp-json\/wp\/v2\/media\/66766"}],"wp:attachment":[{"href":"https:\/\/imprimeideas.es\/en\/wp-json\/wp\/v2\/media?parent=47675"}],"wp:term":[{"taxonomy":"product_brand","embeddable":true,"href":"https:\/\/imprimeideas.es\/en\/wp-json\/wp\/v2\/product_brand?post=47675"},{"taxonomy":"product_cat","embeddable":true,"href":"https:\/\/imprimeideas.es\/en\/wp-json\/wp\/v2\/product_cat?post=47675"},{"taxonomy":"product_tag","embeddable":true,"href":"https:\/\/imprimeideas.es\/en\/wp-json\/wp\/v2\/product_tag?post=47675"}],"curies":[{"name":"wp","href":"https:\/\/api.w.org\/{rel}","templated":true}]}}