{"id":47669,"date":"2026-02-24T11:42:17","date_gmt":"2026-02-24T10:42:17","guid":{"rendered":"https:\/\/imprimeideas.es\/?post_type=product&p=47669"},"modified":"2026-02-26T18:23:19","modified_gmt":"2026-02-26T17:23:19","slug":"lampara-cargador-reginal","status":"publish","type":"product","link":"https:\/\/imprimeideas.es\/en\/product\/lampara-cargador-reginal\/","title":{"rendered":"L\u00e1mpara Cargador Reginal"},"content":{"rendered":"<p>L\u00e1mpara multifunci\u00f3n. Incluye:- L\u00e1mpara port\u00e1til de carga inal\u00e1mbrica de 12 LEDs. Con 2 posiciones de luz regulables por botones t\u00e1ctiles: luz blanca y multicolor. &#8211; Cargador inal\u00e1mbrico de 15W.<\/p>","protected":false},"excerpt":{"rendered":"<p>12 Ledes. 2 Posiciones de Luz. Intensidad de Luz Regulable. Cargador Inal\u00e1mbrico 15W. Conexi\u00f3n USB. Bater\u00eda 600 mAh<\/p>","protected":false},"featured_media":70278,"comment_status":"open","ping_status":"open","template":"","meta":{"inline_featured_image":false},"product_brand":[],"product_cat":[104,95],"product_tag":[],"class_list":{"0":"post-47669","1":"product","2":"type-product","3":"status-publish","4":"has-post-thumbnail","6":"product_cat-hogar-y-decoracion","7":"product_cat-tecnologia-y-accesorios","9":"first","10":"instock","11":"taxable","12":"shipping-taxable","13":"purchasable","14":"product-type-variable","15":"has-default-attributes"},"aioseo_notices":[],"_links":{"self":[{"href":"https:\/\/imprimeideas.es\/en\/wp-json\/wp\/v2\/product\/47669","targetHints":{"allow":["GET"]}}],"collection":[{"href":"https:\/\/imprimeideas.es\/en\/wp-json\/wp\/v2\/product"}],"about":[{"href":"https:\/\/imprimeideas.es\/en\/wp-json\/wp\/v2\/types\/product"}],"replies":[{"embeddable":true,"href":"https:\/\/imprimeideas.es\/en\/wp-json\/wp\/v2\/comments?post=47669"}],"version-history":[{"count":1,"href":"https:\/\/imprimeideas.es\/en\/wp-json\/wp\/v2\/product\/47669\/revisions"}],"predecessor-version":[{"id":56079,"href":"https:\/\/imprimeideas.es\/en\/wp-json\/wp\/v2\/product\/47669\/revisions\/56079"}],"wp:featuredmedia":[{"embeddable":true,"href":"https:\/\/imprimeideas.es\/en\/wp-json\/wp\/v2\/media\/70278"}],"wp:attachment":[{"href":"https:\/\/imprimeideas.es\/en\/wp-json\/wp\/v2\/media?parent=47669"}],"wp:term":[{"taxonomy":"product_brand","embeddable":true,"href":"https:\/\/imprimeideas.es\/en\/wp-json\/wp\/v2\/product_brand?post=47669"},{"taxonomy":"product_cat","embeddable":true,"href":"https:\/\/imprimeideas.es\/en\/wp-json\/wp\/v2\/product_cat?post=47669"},{"taxonomy":"product_tag","embeddable":true,"href":"https:\/\/imprimeideas.es\/en\/wp-json\/wp\/v2\/product_tag?post=47669"}],"curies":[{"name":"wp","href":"https:\/\/api.w.org\/{rel}","templated":true}]}}