{"id":47657,"date":"2026-02-24T11:42:16","date_gmt":"2026-02-24T10:42:16","guid":{"rendered":"https:\/\/imprimeideas.es\/?post_type=product&p=47657"},"modified":"2026-02-26T18:32:50","modified_gmt":"2026-02-26T17:32:50","slug":"soporte-seguimiento-automatico-nanop","status":"publish","type":"product","link":"https:\/\/imprimeideas.es\/en\/product\/soporte-seguimiento-automatico-nanop\/","title":{"rendered":"Soporte Seguimiento Autom\u00e1tico Nanop"},"content":{"rendered":"<p>Soporte de seguimiento autom\u00e1tico con base y tr\u00edpode. Incluye:- Lente \u00f3ptica de alta calidad con inteligencia artificial que posibilita un seguimiento avanzado 360\u00ba y doble \u00e1ngulo de reconocimiento. Ideal para grabar tanto de pie como sentado, asegurando un acompa\u00f1amiento constante sin importar el movimiento.- Controles gestuales intuitivos para una grabaci\u00f3n impecable, iniciando el seguimiento, pausando la grabaci\u00f3n o cancel\u00e1ndola con unos simple gestos de mano, que posibilitan una experiencia de grabaci\u00f3n sin interrupciones.- Compatibilidad universal y funcionamiento sin aplicaciones para streaming y vlogs, ya que se integra en las plataformas m\u00e1s populares, ofreciendo una experiencia plug-and-play para todos los usuarios.- Disparador extra\u00edble de conexi\u00f3n Bluetooth integrado en la carcasa y bater\u00eda de litio de 1200 mAh, de gran autonom\u00eda. Montaje vers\u00e1til con rosca 1\/4?, compatible con una amplia gama de accesorios y tr\u00edpodes. &#8211; Base antideslizante para uso de sobremesa.- Tr\u00edpode telesc\u00f3pico de dise\u00f1o compacto. 360\u00ba con rosca 1\/4?, de mecanismo extensible y con base desplegable antideslizante, ajustable en altura para las diversas necesidades de grabaci\u00f3n, asegurando que los v\u00eddeos se capturen desde el \u00e1ngulo perfecto. Incluye disparador de conexi\u00f3n Bluetooth integrado en el mango, extra\u00edble y recargable. Con soporte universal para smartphone, telesc\u00f3pico y ajustable. Base y disparadores recargables mediante cable USB Tipo C .Base y tr\u00edpode con presentaci\u00f3n en estuches individuales de dise\u00f1o kraft.Fabricado conforme a los est\u00e1ndares RoHS y en cumplimiento con los siguientes requisitos de seguridad:Sistema de protecci\u00f3n contra sobrecalentamiento.Sistema de protecci\u00f3n contra sobrecarga.Sistema de bloqueo para evitar cortocircuitos.<\/p>","protected":false},"excerpt":{"rendered":"<p>Tr\u00edpode Extensible Incluido<\/p>","protected":false},"featured_media":69177,"comment_status":"open","ping_status":"open","template":"","meta":{"inline_featured_image":false},"product_brand":[],"product_cat":[95],"product_tag":[],"class_list":{"0":"post-47657","1":"product","2":"type-product","3":"status-publish","4":"has-post-thumbnail","6":"product_cat-tecnologia-y-accesorios","8":"first","9":"instock","10":"taxable","11":"shipping-taxable","12":"purchasable","13":"product-type-variable","14":"has-default-attributes"},"aioseo_notices":[],"_links":{"self":[{"href":"https:\/\/imprimeideas.es\/en\/wp-json\/wp\/v2\/product\/47657","targetHints":{"allow":["GET"]}}],"collection":[{"href":"https:\/\/imprimeideas.es\/en\/wp-json\/wp\/v2\/product"}],"about":[{"href":"https:\/\/imprimeideas.es\/en\/wp-json\/wp\/v2\/types\/product"}],"replies":[{"embeddable":true,"href":"https:\/\/imprimeideas.es\/en\/wp-json\/wp\/v2\/comments?post=47657"}],"version-history":[{"count":1,"href":"https:\/\/imprimeideas.es\/en\/wp-json\/wp\/v2\/product\/47657\/revisions"}],"predecessor-version":[{"id":56076,"href":"https:\/\/imprimeideas.es\/en\/wp-json\/wp\/v2\/product\/47657\/revisions\/56076"}],"wp:featuredmedia":[{"embeddable":true,"href":"https:\/\/imprimeideas.es\/en\/wp-json\/wp\/v2\/media\/69177"}],"wp:attachment":[{"href":"https:\/\/imprimeideas.es\/en\/wp-json\/wp\/v2\/media?parent=47657"}],"wp:term":[{"taxonomy":"product_brand","embeddable":true,"href":"https:\/\/imprimeideas.es\/en\/wp-json\/wp\/v2\/product_brand?post=47657"},{"taxonomy":"product_cat","embeddable":true,"href":"https:\/\/imprimeideas.es\/en\/wp-json\/wp\/v2\/product_cat?post=47657"},{"taxonomy":"product_tag","embeddable":true,"href":"https:\/\/imprimeideas.es\/en\/wp-json\/wp\/v2\/product_tag?post=47657"}],"curies":[{"name":"wp","href":"https:\/\/api.w.org\/{rel}","templated":true}]}}