{"id":47654,"date":"2026-02-24T11:42:16","date_gmt":"2026-02-24T10:42:16","guid":{"rendered":"https:\/\/imprimeideas.es\/?post_type=product&p=47654"},"modified":"2026-02-26T18:19:16","modified_gmt":"2026-02-26T17:19:16","slug":"auriculares-power-bank-haxel","status":"publish","type":"product","link":"https:\/\/imprimeideas.es\/en\/product\/auriculares-power-bank-haxel\/","title":{"rendered":"Auriculares Power Bank Haxel"},"content":{"rendered":"<p>Auriculares open ear con power bank, dise\u00f1ados para un ajuste perfecto y c\u00f3modo gracias a su pr\u00e1ctico clip de suave silicona. Estos auriculares ofrecen una experiencia auditiva sin molestias, permitiendo disfrutar de la m\u00fasica o llamadas con total comodidad. Conexi\u00f3n Bluetooth 5.4 y funci\u00f3n manos libres. Bot\u00f3n de control t\u00e1ctil integrado en el auricular. Incluye base de carga a juego con funci\u00f3n power bank de 1200mAh de bater\u00eda, conexi\u00f3n Tipo C de entrada y salida USB, cable de carga incluido (Tipo C). Incluye pantalla interior del estado de bater\u00eda. Las capacidades mostradas en todas nuestras bater\u00edas auxiliares externas son reales, incorporando todas ellas bater\u00edas de grado A y no recicladas, con una vida \u00fatil de al menos 500 ciclos de carga y seg\u00fan normativa CE.Adem\u00e1s, est\u00e1n fabricadas conforme a los est\u00e1ndares RoHS y en cumplimiento con los siguientes requisitos de seguridad:Sistema de protecci\u00f3n contra sobrecarga del power bank.Sistema de protecci\u00f3n contra descarga completa que proporciona una mayor durabilidad del power bank.Sistema de bloqueo para evitar cortocircuitos.Sistema de transferencia de carga constante, acorde con la capacidad del dispositivo de destino.<\/p>","protected":false},"excerpt":{"rendered":"<p>1200 mAh. Salida USB. Entrada Tipo C. Conexi\u00f3n Bluetooth. Bater\u00eda 30 mAh<\/p>","protected":false},"featured_media":74953,"comment_status":"open","ping_status":"open","template":"","meta":{"inline_featured_image":false},"product_brand":[],"product_cat":[95],"product_tag":[],"class_list":{"0":"post-47654","1":"product","2":"type-product","3":"status-publish","4":"has-post-thumbnail","6":"product_cat-tecnologia-y-accesorios","8":"first","9":"instock","10":"taxable","11":"shipping-taxable","12":"purchasable","13":"product-type-variable","14":"has-default-attributes"},"aioseo_notices":[],"_links":{"self":[{"href":"https:\/\/imprimeideas.es\/en\/wp-json\/wp\/v2\/product\/47654","targetHints":{"allow":["GET"]}}],"collection":[{"href":"https:\/\/imprimeideas.es\/en\/wp-json\/wp\/v2\/product"}],"about":[{"href":"https:\/\/imprimeideas.es\/en\/wp-json\/wp\/v2\/types\/product"}],"replies":[{"embeddable":true,"href":"https:\/\/imprimeideas.es\/en\/wp-json\/wp\/v2\/comments?post=47654"}],"version-history":[{"count":1,"href":"https:\/\/imprimeideas.es\/en\/wp-json\/wp\/v2\/product\/47654\/revisions"}],"predecessor-version":[{"id":56075,"href":"https:\/\/imprimeideas.es\/en\/wp-json\/wp\/v2\/product\/47654\/revisions\/56075"}],"wp:featuredmedia":[{"embeddable":true,"href":"https:\/\/imprimeideas.es\/en\/wp-json\/wp\/v2\/media\/74953"}],"wp:attachment":[{"href":"https:\/\/imprimeideas.es\/en\/wp-json\/wp\/v2\/media?parent=47654"}],"wp:term":[{"taxonomy":"product_brand","embeddable":true,"href":"https:\/\/imprimeideas.es\/en\/wp-json\/wp\/v2\/product_brand?post=47654"},{"taxonomy":"product_cat","embeddable":true,"href":"https:\/\/imprimeideas.es\/en\/wp-json\/wp\/v2\/product_cat?post=47654"},{"taxonomy":"product_tag","embeddable":true,"href":"https:\/\/imprimeideas.es\/en\/wp-json\/wp\/v2\/product_tag?post=47654"}],"curies":[{"name":"wp","href":"https:\/\/api.w.org\/{rel}","templated":true}]}}