{"id":47646,"date":"2026-02-24T11:42:15","date_gmt":"2026-02-24T10:42:15","guid":{"rendered":"https:\/\/imprimeideas.es\/?post_type=product&p=47646"},"modified":"2026-02-26T18:13:56","modified_gmt":"2026-02-26T17:13:56","slug":"boligrafo-multicolor-portaminas-tidio","status":"publish","type":"product","link":"https:\/\/imprimeideas.es\/en\/product\/boligrafo-multicolor-portaminas-tidio\/","title":{"rendered":"Bol\u00edgrafo Multicolor Portaminas Tidio"},"content":{"rendered":"<p>Bol\u00edgrafo portaminas 4 en 1, con ingenioso mecanismo de uso. La posici\u00f3n del pulsador permite seleccionar el color de la tinta o la funci\u00f3n portaminas. Fabricado en resistente aluminio. Opci\u00f3nes de tinta azul, negra y roja. Cuenta funci\u00f3n portaminas. Incluida 1 mina de 0,5mm. Con goma integrada en el pulsador. Con empu\u00f1adura ergon\u00f3mica y clip a juego.<\/p>","protected":false},"excerpt":{"rendered":"<p>Escritura 3 Colores. Mina 0,5 mm Incluida<\/p>","protected":false},"featured_media":70352,"comment_status":"open","ping_status":"open","template":"","meta":{"inline_featured_image":false},"product_brand":[],"product_cat":[100],"product_tag":[],"class_list":{"0":"post-47646","1":"product","2":"type-product","3":"status-publish","4":"has-post-thumbnail","6":"product_cat-escritura","8":"first","9":"instock","10":"taxable","11":"shipping-taxable","12":"purchasable","13":"product-type-variable","14":"has-default-attributes"},"aioseo_notices":[],"_links":{"self":[{"href":"https:\/\/imprimeideas.es\/en\/wp-json\/wp\/v2\/product\/47646","targetHints":{"allow":["GET"]}}],"collection":[{"href":"https:\/\/imprimeideas.es\/en\/wp-json\/wp\/v2\/product"}],"about":[{"href":"https:\/\/imprimeideas.es\/en\/wp-json\/wp\/v2\/types\/product"}],"replies":[{"embeddable":true,"href":"https:\/\/imprimeideas.es\/en\/wp-json\/wp\/v2\/comments?post=47646"}],"version-history":[{"count":1,"href":"https:\/\/imprimeideas.es\/en\/wp-json\/wp\/v2\/product\/47646\/revisions"}],"predecessor-version":[{"id":56073,"href":"https:\/\/imprimeideas.es\/en\/wp-json\/wp\/v2\/product\/47646\/revisions\/56073"}],"wp:featuredmedia":[{"embeddable":true,"href":"https:\/\/imprimeideas.es\/en\/wp-json\/wp\/v2\/media\/70352"}],"wp:attachment":[{"href":"https:\/\/imprimeideas.es\/en\/wp-json\/wp\/v2\/media?parent=47646"}],"wp:term":[{"taxonomy":"product_brand","embeddable":true,"href":"https:\/\/imprimeideas.es\/en\/wp-json\/wp\/v2\/product_brand?post=47646"},{"taxonomy":"product_cat","embeddable":true,"href":"https:\/\/imprimeideas.es\/en\/wp-json\/wp\/v2\/product_cat?post=47646"},{"taxonomy":"product_tag","embeddable":true,"href":"https:\/\/imprimeideas.es\/en\/wp-json\/wp\/v2\/product_tag?post=47646"}],"curies":[{"name":"wp","href":"https:\/\/api.w.org\/{rel}","templated":true}]}}