{"id":47644,"date":"2026-02-24T11:42:14","date_gmt":"2026-02-24T10:42:14","guid":{"rendered":"https:\/\/imprimeideas.es\/?post_type=product&p=47644"},"modified":"2026-02-26T18:23:25","modified_gmt":"2026-02-26T17:23:25","slug":"radio-mester","status":"publish","type":"product","link":"https:\/\/imprimeideas.es\/en\/product\/radio-mester\/","title":{"rendered":"Radio Mester"},"content":{"rendered":"<p>Radio de dise\u00f1o vintage. Con altavoz de 3W de potencia. Opciones AM\/FM con sintonizaci\u00f3n manual. Incluye bot\u00f3n de control de volumen y antena extensible. Dispone de salida jack de 3,5 mm. Alimentaci\u00f3n a pilas (2xAA no incluidas).<\/p>","protected":false},"excerpt":{"rendered":"<p>2 Pilas AA No Incluidas<\/p>","protected":false},"featured_media":74833,"comment_status":"open","ping_status":"open","template":"","meta":{"inline_featured_image":false},"product_brand":[],"product_cat":[106],"product_tag":[],"class_list":{"0":"post-47644","1":"product","2":"type-product","3":"status-publish","4":"has-post-thumbnail","6":"product_cat-regalos-y-premiums","8":"first","9":"instock","10":"taxable","11":"shipping-taxable","12":"purchasable","13":"product-type-variable","14":"has-default-attributes"},"aioseo_notices":[],"_links":{"self":[{"href":"https:\/\/imprimeideas.es\/en\/wp-json\/wp\/v2\/product\/47644","targetHints":{"allow":["GET"]}}],"collection":[{"href":"https:\/\/imprimeideas.es\/en\/wp-json\/wp\/v2\/product"}],"about":[{"href":"https:\/\/imprimeideas.es\/en\/wp-json\/wp\/v2\/types\/product"}],"replies":[{"embeddable":true,"href":"https:\/\/imprimeideas.es\/en\/wp-json\/wp\/v2\/comments?post=47644"}],"version-history":[{"count":1,"href":"https:\/\/imprimeideas.es\/en\/wp-json\/wp\/v2\/product\/47644\/revisions"}],"predecessor-version":[{"id":56072,"href":"https:\/\/imprimeideas.es\/en\/wp-json\/wp\/v2\/product\/47644\/revisions\/56072"}],"wp:featuredmedia":[{"embeddable":true,"href":"https:\/\/imprimeideas.es\/en\/wp-json\/wp\/v2\/media\/74833"}],"wp:attachment":[{"href":"https:\/\/imprimeideas.es\/en\/wp-json\/wp\/v2\/media?parent=47644"}],"wp:term":[{"taxonomy":"product_brand","embeddable":true,"href":"https:\/\/imprimeideas.es\/en\/wp-json\/wp\/v2\/product_brand?post=47644"},{"taxonomy":"product_cat","embeddable":true,"href":"https:\/\/imprimeideas.es\/en\/wp-json\/wp\/v2\/product_cat?post=47644"},{"taxonomy":"product_tag","embeddable":true,"href":"https:\/\/imprimeideas.es\/en\/wp-json\/wp\/v2\/product_tag?post=47644"}],"curies":[{"name":"wp","href":"https:\/\/api.w.org\/{rel}","templated":true}]}}