{"id":47638,"date":"2026-02-24T11:42:14","date_gmt":"2026-02-24T10:42:14","guid":{"rendered":"https:\/\/imprimeideas.es\/?post_type=product&p=47638"},"modified":"2026-02-26T18:19:17","modified_gmt":"2026-02-26T17:19:17","slug":"vaso-termico-altavoz-tandix","status":"publish","type":"product","link":"https:\/\/imprimeideas.es\/en\/product\/vaso-termico-altavoz-tandix\/","title":{"rendered":"Vaso T\u00e9rmico Altavoz Tandix"},"content":{"rendered":"<p>Vaso T\u00e9rmico con Altavoz Bluetooth 5.3 de 3W integrado. Con 440 ml de capacidad y fabricado en acero inoxidable de doble pared, asegurando una durabilidad m\u00e1xima y un excelente mantenimiento de la temperatura de las bebidas, ya sean fr\u00edas o calientes. Es ideal para tener en tu escritorio, mesa o en cualquier superficie donde disfrutar tranquilamente de tu bebida favorita. Con dosificador en tapadera y abre f\u00e1cil, libre de BPA. Cuenta con base antideslizante a juego, que proporciona una mayor estabilidad.\u00a0El altavoz Bluetooth integrado en la base del vaso es f\u00e1cilmente extra\u00edble gracias a su sistema de rosca, e incluye iluminaci\u00f3n inteligente LED RGB, que se sincroniza al ritmo de la m\u00fasica, creando una experiencia visual y auditiva \u00fanica. Adem\u00e1s, la funci\u00f3n manos libres permite atender llamadas sin necesidad de dejar lo que se est\u00e1 haciendo.<\/p>","protected":false},"excerpt":{"rendered":"<p>Luces Led Multicolor. 440 ml. Conexi\u00f3n Bluetooth. Potencia Sonido 3W. Bater\u00eda 300 mAh<\/p>","protected":false},"featured_media":79185,"comment_status":"open","ping_status":"open","template":"","meta":{"inline_featured_image":false},"product_brand":[],"product_cat":[97],"product_tag":[],"class_list":{"0":"post-47638","1":"product","2":"type-product","3":"status-publish","4":"has-post-thumbnail","6":"product_cat-tazas-jarras-y-termos","8":"first","9":"instock","10":"taxable","11":"shipping-taxable","12":"purchasable","13":"product-type-variable","14":"has-default-attributes"},"aioseo_notices":[],"_links":{"self":[{"href":"https:\/\/imprimeideas.es\/en\/wp-json\/wp\/v2\/product\/47638","targetHints":{"allow":["GET"]}}],"collection":[{"href":"https:\/\/imprimeideas.es\/en\/wp-json\/wp\/v2\/product"}],"about":[{"href":"https:\/\/imprimeideas.es\/en\/wp-json\/wp\/v2\/types\/product"}],"replies":[{"embeddable":true,"href":"https:\/\/imprimeideas.es\/en\/wp-json\/wp\/v2\/comments?post=47638"}],"version-history":[{"count":1,"href":"https:\/\/imprimeideas.es\/en\/wp-json\/wp\/v2\/product\/47638\/revisions"}],"predecessor-version":[{"id":56070,"href":"https:\/\/imprimeideas.es\/en\/wp-json\/wp\/v2\/product\/47638\/revisions\/56070"}],"wp:featuredmedia":[{"embeddable":true,"href":"https:\/\/imprimeideas.es\/en\/wp-json\/wp\/v2\/media\/79185"}],"wp:attachment":[{"href":"https:\/\/imprimeideas.es\/en\/wp-json\/wp\/v2\/media?parent=47638"}],"wp:term":[{"taxonomy":"product_brand","embeddable":true,"href":"https:\/\/imprimeideas.es\/en\/wp-json\/wp\/v2\/product_brand?post=47638"},{"taxonomy":"product_cat","embeddable":true,"href":"https:\/\/imprimeideas.es\/en\/wp-json\/wp\/v2\/product_cat?post=47638"},{"taxonomy":"product_tag","embeddable":true,"href":"https:\/\/imprimeideas.es\/en\/wp-json\/wp\/v2\/product_tag?post=47638"}],"curies":[{"name":"wp","href":"https:\/\/api.w.org\/{rel}","templated":true}]}}