{"id":47635,"date":"2026-02-24T11:42:13","date_gmt":"2026-02-24T10:42:13","guid":{"rendered":"https:\/\/imprimeideas.es\/?post_type=product&p=47635"},"modified":"2026-02-26T18:33:00","modified_gmt":"2026-02-26T17:33:00","slug":"set-melbir","status":"publish","type":"product","link":"https:\/\/imprimeideas.es\/en\/product\/set-melbir\/","title":{"rendered":"Set Melbir"},"content":{"rendered":"<p>Set de termo con 3 tazas fabricado en acero inox. Termo de 420 ml de capacidad y de doble pared, que garantiza una mejor y m\u00e1s duradera conservaci\u00f3n de la temperatura, con dosificador de seguridad. Tazas de 140ml, ajustables mediante rosca y en elegante dise\u00f1o negro, ideales para disfrutar de la bebida, ya sea caliente o fr\u00eda, en cualquier momento y lugar. Presentaci\u00f3n en elegante estuche de color negro.<\/p>","protected":false},"excerpt":{"rendered":"<p>Termo 420 ml. 3 Tazas 140 ml<\/p>","protected":false},"featured_media":77753,"comment_status":"open","ping_status":"open","template":"","meta":{"inline_featured_image":false},"product_brand":[],"product_cat":[97],"product_tag":[],"class_list":{"0":"post-47635","1":"product","2":"type-product","3":"status-publish","4":"has-post-thumbnail","6":"product_cat-tazas-jarras-y-termos","8":"first","9":"instock","10":"taxable","11":"shipping-taxable","12":"purchasable","13":"product-type-variable","14":"has-default-attributes"},"aioseo_notices":[],"_links":{"self":[{"href":"https:\/\/imprimeideas.es\/en\/wp-json\/wp\/v2\/product\/47635","targetHints":{"allow":["GET"]}}],"collection":[{"href":"https:\/\/imprimeideas.es\/en\/wp-json\/wp\/v2\/product"}],"about":[{"href":"https:\/\/imprimeideas.es\/en\/wp-json\/wp\/v2\/types\/product"}],"replies":[{"embeddable":true,"href":"https:\/\/imprimeideas.es\/en\/wp-json\/wp\/v2\/comments?post=47635"}],"version-history":[{"count":1,"href":"https:\/\/imprimeideas.es\/en\/wp-json\/wp\/v2\/product\/47635\/revisions"}],"predecessor-version":[{"id":56069,"href":"https:\/\/imprimeideas.es\/en\/wp-json\/wp\/v2\/product\/47635\/revisions\/56069"}],"wp:featuredmedia":[{"embeddable":true,"href":"https:\/\/imprimeideas.es\/en\/wp-json\/wp\/v2\/media\/77753"}],"wp:attachment":[{"href":"https:\/\/imprimeideas.es\/en\/wp-json\/wp\/v2\/media?parent=47635"}],"wp:term":[{"taxonomy":"product_brand","embeddable":true,"href":"https:\/\/imprimeideas.es\/en\/wp-json\/wp\/v2\/product_brand?post=47635"},{"taxonomy":"product_cat","embeddable":true,"href":"https:\/\/imprimeideas.es\/en\/wp-json\/wp\/v2\/product_cat?post=47635"},{"taxonomy":"product_tag","embeddable":true,"href":"https:\/\/imprimeideas.es\/en\/wp-json\/wp\/v2\/product_tag?post=47635"}],"curies":[{"name":"wp","href":"https:\/\/api.w.org\/{rel}","templated":true}]}}