{"id":47627,"date":"2026-02-24T11:42:12","date_gmt":"2026-02-24T10:42:12","guid":{"rendered":"https:\/\/imprimeideas.es\/?post_type=product&p=47627"},"modified":"2026-02-26T18:19:29","modified_gmt":"2026-02-26T17:19:29","slug":"bolso-koket","status":"publish","type":"product","link":"https:\/\/imprimeideas.es\/en\/product\/bolso-koket\/","title":{"rendered":"Bolso Koket"},"content":{"rendered":"<p>Bolso bandolera confeccionado en suave PU de alta calidad. Su dise\u00f1o incluye un espacioso compartimento principal forrado, acompa\u00f1ado de un bolsillo interno con cierre de cremallera para mayor seguridad. Dispone de dos bolsillos laterales exteriores para un acceso r\u00e1pido y f\u00e1cil. Con cremalleras y tiradores met\u00e1licos. Equipado con correa bandolera ancha y ajustable, reforzada con hebillas de metal, garantizando un ajuste perfecto y c\u00f3modo en todo momento.<\/p>","protected":false},"excerpt":{"rendered":"<p>Bolso bandolera confeccionado en suave PU de alta calidad. Su dise\u00f1o incluye un espacioso compartimento principal forrado, acompa\u00f1ado de un<\/p>","protected":false},"featured_media":79241,"comment_status":"open","ping_status":"open","template":"","meta":{"inline_featured_image":false},"product_brand":[],"product_cat":[94],"product_tag":[],"class_list":{"0":"post-47627","1":"product","2":"type-product","3":"status-publish","4":"has-post-thumbnail","6":"product_cat-mochilas","8":"first","9":"instock","10":"taxable","11":"shipping-taxable","12":"purchasable","13":"product-type-variable","14":"has-default-attributes"},"aioseo_notices":[],"_links":{"self":[{"href":"https:\/\/imprimeideas.es\/en\/wp-json\/wp\/v2\/product\/47627","targetHints":{"allow":["GET"]}}],"collection":[{"href":"https:\/\/imprimeideas.es\/en\/wp-json\/wp\/v2\/product"}],"about":[{"href":"https:\/\/imprimeideas.es\/en\/wp-json\/wp\/v2\/types\/product"}],"replies":[{"embeddable":true,"href":"https:\/\/imprimeideas.es\/en\/wp-json\/wp\/v2\/comments?post=47627"}],"version-history":[{"count":1,"href":"https:\/\/imprimeideas.es\/en\/wp-json\/wp\/v2\/product\/47627\/revisions"}],"predecessor-version":[{"id":56066,"href":"https:\/\/imprimeideas.es\/en\/wp-json\/wp\/v2\/product\/47627\/revisions\/56066"}],"wp:featuredmedia":[{"embeddable":true,"href":"https:\/\/imprimeideas.es\/en\/wp-json\/wp\/v2\/media\/79241"}],"wp:attachment":[{"href":"https:\/\/imprimeideas.es\/en\/wp-json\/wp\/v2\/media?parent=47627"}],"wp:term":[{"taxonomy":"product_brand","embeddable":true,"href":"https:\/\/imprimeideas.es\/en\/wp-json\/wp\/v2\/product_brand?post=47627"},{"taxonomy":"product_cat","embeddable":true,"href":"https:\/\/imprimeideas.es\/en\/wp-json\/wp\/v2\/product_cat?post=47627"},{"taxonomy":"product_tag","embeddable":true,"href":"https:\/\/imprimeideas.es\/en\/wp-json\/wp\/v2\/product_tag?post=47627"}],"curies":[{"name":"wp","href":"https:\/\/api.w.org\/{rel}","templated":true}]}}