{"id":47624,"date":"2026-02-24T11:42:12","date_gmt":"2026-02-24T10:42:12","guid":{"rendered":"https:\/\/imprimeideas.es\/?post_type=product&p=47624"},"modified":"2026-02-26T18:23:32","modified_gmt":"2026-02-26T17:23:32","slug":"llavero-serlong","status":"publish","type":"product","link":"https:\/\/imprimeideas.es\/en\/product\/llavero-serlong\/","title":{"rendered":"Llavero Serlong"},"content":{"rendered":"<p>Elegante llavero con cord\u00f3n de PU trenzada. Incluye pieza central de aleaci\u00f3n en color mate, especialmente dise\u00f1ada para marcaje en l\u00e1ser.<\/p>","protected":false},"excerpt":{"rendered":"<p>Elegante llavero con cord\u00f3n de PU trenzada. Incluye pieza central de aleaci\u00f3n en color mate, especialmente dise\u00f1ada para marcaje en<\/p>","protected":false},"featured_media":75814,"comment_status":"open","ping_status":"open","template":"","meta":{"inline_featured_image":false},"product_brand":[],"product_cat":[106],"product_tag":[],"class_list":{"0":"post-47624","1":"product","2":"type-product","3":"status-publish","4":"has-post-thumbnail","6":"product_cat-regalos-y-premiums","8":"first","9":"instock","10":"taxable","11":"shipping-taxable","12":"purchasable","13":"product-type-variable","14":"has-default-attributes"},"aioseo_notices":[],"_links":{"self":[{"href":"https:\/\/imprimeideas.es\/en\/wp-json\/wp\/v2\/product\/47624","targetHints":{"allow":["GET"]}}],"collection":[{"href":"https:\/\/imprimeideas.es\/en\/wp-json\/wp\/v2\/product"}],"about":[{"href":"https:\/\/imprimeideas.es\/en\/wp-json\/wp\/v2\/types\/product"}],"replies":[{"embeddable":true,"href":"https:\/\/imprimeideas.es\/en\/wp-json\/wp\/v2\/comments?post=47624"}],"version-history":[{"count":1,"href":"https:\/\/imprimeideas.es\/en\/wp-json\/wp\/v2\/product\/47624\/revisions"}],"predecessor-version":[{"id":56065,"href":"https:\/\/imprimeideas.es\/en\/wp-json\/wp\/v2\/product\/47624\/revisions\/56065"}],"wp:featuredmedia":[{"embeddable":true,"href":"https:\/\/imprimeideas.es\/en\/wp-json\/wp\/v2\/media\/75814"}],"wp:attachment":[{"href":"https:\/\/imprimeideas.es\/en\/wp-json\/wp\/v2\/media?parent=47624"}],"wp:term":[{"taxonomy":"product_brand","embeddable":true,"href":"https:\/\/imprimeideas.es\/en\/wp-json\/wp\/v2\/product_brand?post=47624"},{"taxonomy":"product_cat","embeddable":true,"href":"https:\/\/imprimeideas.es\/en\/wp-json\/wp\/v2\/product_cat?post=47624"},{"taxonomy":"product_tag","embeddable":true,"href":"https:\/\/imprimeideas.es\/en\/wp-json\/wp\/v2\/product_tag?post=47624"}],"curies":[{"name":"wp","href":"https:\/\/api.w.org\/{rel}","templated":true}]}}