{"id":47599,"date":"2026-02-24T11:42:09","date_gmt":"2026-02-24T10:42:09","guid":{"rendered":"https:\/\/imprimeideas.es\/?post_type=product&p=47599"},"modified":"2026-02-26T18:42:31","modified_gmt":"2026-02-26T17:42:31","slug":"taza-termica-miranda","status":"publish","type":"product","link":"https:\/\/imprimeideas.es\/en\/product\/taza-termica-miranda\/","title":{"rendered":"Taza T\u00e9rmica Miranda"},"content":{"rendered":"<p>Taza t\u00e9rmica fabricada en resistente PP Reciclado de doble pared y 800 ml de capacidad. Tapa con dosificador de f\u00e1cil apertura, que incluye un orificio para pajita. Libre de BPA. Con asa de agarre ergon\u00f3mica. Con distintivo PP Reciclado.El PP Reciclado es un pl\u00e1stico reciclado y altamente reciclable, de gran resistencia y apto para multitud de aplicaciones. Con certificaci\u00f3n Food Grade, garantizando la seguridad cuando los alimentos entran en contacto con el material usado para fabricar el producto.Con certificaci\u00f3n Food Grade, garantizando la seguridad cuando los alimentos entran en contacto con el material usado para fabricar el producto.<\/p>","protected":false},"excerpt":{"rendered":"<p>800 ml<\/p>","protected":false},"featured_media":74811,"comment_status":"open","ping_status":"open","template":"","meta":{"inline_featured_image":false},"product_brand":[],"product_cat":[122,97],"product_tag":[],"class_list":{"0":"post-47599","1":"product","2":"type-product","3":"status-publish","4":"has-post-thumbnail","6":"product_cat-articulos-sostenibles","7":"product_cat-tazas-jarras-y-termos","9":"first","10":"instock","11":"taxable","12":"shipping-taxable","13":"purchasable","14":"product-type-variable","15":"has-default-attributes"},"aioseo_notices":[],"_links":{"self":[{"href":"https:\/\/imprimeideas.es\/en\/wp-json\/wp\/v2\/product\/47599","targetHints":{"allow":["GET"]}}],"collection":[{"href":"https:\/\/imprimeideas.es\/en\/wp-json\/wp\/v2\/product"}],"about":[{"href":"https:\/\/imprimeideas.es\/en\/wp-json\/wp\/v2\/types\/product"}],"replies":[{"embeddable":true,"href":"https:\/\/imprimeideas.es\/en\/wp-json\/wp\/v2\/comments?post=47599"}],"version-history":[{"count":1,"href":"https:\/\/imprimeideas.es\/en\/wp-json\/wp\/v2\/product\/47599\/revisions"}],"predecessor-version":[{"id":56061,"href":"https:\/\/imprimeideas.es\/en\/wp-json\/wp\/v2\/product\/47599\/revisions\/56061"}],"wp:featuredmedia":[{"embeddable":true,"href":"https:\/\/imprimeideas.es\/en\/wp-json\/wp\/v2\/media\/74811"}],"wp:attachment":[{"href":"https:\/\/imprimeideas.es\/en\/wp-json\/wp\/v2\/media?parent=47599"}],"wp:term":[{"taxonomy":"product_brand","embeddable":true,"href":"https:\/\/imprimeideas.es\/en\/wp-json\/wp\/v2\/product_brand?post=47599"},{"taxonomy":"product_cat","embeddable":true,"href":"https:\/\/imprimeideas.es\/en\/wp-json\/wp\/v2\/product_cat?post=47599"},{"taxonomy":"product_tag","embeddable":true,"href":"https:\/\/imprimeideas.es\/en\/wp-json\/wp\/v2\/product_tag?post=47599"}],"curies":[{"name":"wp","href":"https:\/\/api.w.org\/{rel}","templated":true}]}}