{"id":47567,"date":"2026-02-24T11:42:06","date_gmt":"2026-02-24T10:42:06","guid":{"rendered":"https:\/\/imprimeideas.es\/?post_type=product&p=47567"},"modified":"2026-02-26T18:08:22","modified_gmt":"2026-02-26T17:08:22","slug":"alfombrilla-multifuncion-dannax","status":"publish","type":"product","link":"https:\/\/imprimeideas.es\/en\/product\/alfombrilla-multifuncion-dannax\/","title":{"rendered":"Alfombrilla Multifunci\u00f3n Dannax"},"content":{"rendered":"<p>Alfombrilla multifunci\u00f3n fabricada en combinaci\u00f3n de suave corcho y bamb\u00fa. Flexible y con entrada Tipo C -cable incluido-, una salida Tipo C, y dos salidas USB; con funci\u00f3n de sincronizaci\u00f3n de datos. Incluye soporte para smartphone y soporte para bol\u00edgrafos en la base de bamb\u00fa. Es antideslizante y estable, garantizando una confortable experiencia de uso.Elaborado con elementos vegetales para as\u00ed fomentar la utilizaci\u00f3n de materias primas naturales y reducir las emisiones contaminantes.Materiales como el bamb\u00fa fomentan la utilizaci\u00f3n de materias primas naturales reduciendo las emisiones contaminantes. Adem\u00e1s, el bamb\u00fa proviene de una planta de gran resistencia y versatilidad, con crecimiento y regeneraci\u00f3n r\u00e1pida, siendo una excelente alternativa al uso de madera tradicional.<\/p>","protected":false},"excerpt":{"rendered":"<p>1 Puerto Tipo C. 2 Puertos USB 2.0. Antideslizante<\/p>","protected":false},"featured_media":81277,"comment_status":"open","ping_status":"open","template":"","meta":{"inline_featured_image":false},"product_brand":[],"product_cat":[122,96,95],"product_tag":[],"class_list":{"0":"post-47567","1":"product","2":"type-product","3":"status-publish","4":"has-post-thumbnail","6":"product_cat-articulos-sostenibles","7":"product_cat-oficina-y-negocios","8":"product_cat-tecnologia-y-accesorios","10":"first","11":"instock","12":"taxable","13":"shipping-taxable","14":"purchasable","15":"product-type-variable","16":"has-default-attributes"},"aioseo_notices":[],"_links":{"self":[{"href":"https:\/\/imprimeideas.es\/en\/wp-json\/wp\/v2\/product\/47567","targetHints":{"allow":["GET"]}}],"collection":[{"href":"https:\/\/imprimeideas.es\/en\/wp-json\/wp\/v2\/product"}],"about":[{"href":"https:\/\/imprimeideas.es\/en\/wp-json\/wp\/v2\/types\/product"}],"replies":[{"embeddable":true,"href":"https:\/\/imprimeideas.es\/en\/wp-json\/wp\/v2\/comments?post=47567"}],"version-history":[{"count":1,"href":"https:\/\/imprimeideas.es\/en\/wp-json\/wp\/v2\/product\/47567\/revisions"}],"predecessor-version":[{"id":56052,"href":"https:\/\/imprimeideas.es\/en\/wp-json\/wp\/v2\/product\/47567\/revisions\/56052"}],"wp:featuredmedia":[{"embeddable":true,"href":"https:\/\/imprimeideas.es\/en\/wp-json\/wp\/v2\/media\/81277"}],"wp:attachment":[{"href":"https:\/\/imprimeideas.es\/en\/wp-json\/wp\/v2\/media?parent=47567"}],"wp:term":[{"taxonomy":"product_brand","embeddable":true,"href":"https:\/\/imprimeideas.es\/en\/wp-json\/wp\/v2\/product_brand?post=47567"},{"taxonomy":"product_cat","embeddable":true,"href":"https:\/\/imprimeideas.es\/en\/wp-json\/wp\/v2\/product_cat?post=47567"},{"taxonomy":"product_tag","embeddable":true,"href":"https:\/\/imprimeideas.es\/en\/wp-json\/wp\/v2\/product_tag?post=47567"}],"curies":[{"name":"wp","href":"https:\/\/api.w.org\/{rel}","templated":true}]}}