{"id":47563,"date":"2026-02-24T11:42:05","date_gmt":"2026-02-24T10:42:05","guid":{"rendered":"https:\/\/imprimeideas.es\/?post_type=product&p=47563"},"modified":"2026-02-26T18:13:49","modified_gmt":"2026-02-26T17:13:49","slug":"pulsera-soporte-naomix","status":"publish","type":"product","link":"https:\/\/imprimeideas.es\/en\/product\/pulsera-soporte-naomix\/","title":{"rendered":"Pulsera Soporte Naomix"},"content":{"rendered":"<p>Pulsera soporte para smartphone fabricada en corcho. Con cinta de transporte a juego y mosquet\u00f3n met\u00e1lico giratorio en color negro. Elaborado con elementos vegetales para as\u00ed fomentar la utilizaci\u00f3n de materias primas naturales y reducir las emisiones contaminantes.<\/p>","protected":false},"excerpt":{"rendered":"<p>Pulsera soporte para smartphone fabricada en corcho. Con cinta de transporte a juego y mosquet\u00f3n met\u00e1lico giratorio en color negro.<\/p>","protected":false},"featured_media":73354,"comment_status":"open","ping_status":"open","template":"","meta":{"inline_featured_image":false},"product_brand":[],"product_cat":[122,95],"product_tag":[],"class_list":{"0":"post-47563","1":"product","2":"type-product","3":"status-publish","4":"has-post-thumbnail","6":"product_cat-articulos-sostenibles","7":"product_cat-tecnologia-y-accesorios","9":"first","10":"instock","11":"taxable","12":"shipping-taxable","13":"purchasable","14":"product-type-variable","15":"has-default-attributes"},"aioseo_notices":[],"_links":{"self":[{"href":"https:\/\/imprimeideas.es\/en\/wp-json\/wp\/v2\/product\/47563","targetHints":{"allow":["GET"]}}],"collection":[{"href":"https:\/\/imprimeideas.es\/en\/wp-json\/wp\/v2\/product"}],"about":[{"href":"https:\/\/imprimeideas.es\/en\/wp-json\/wp\/v2\/types\/product"}],"replies":[{"embeddable":true,"href":"https:\/\/imprimeideas.es\/en\/wp-json\/wp\/v2\/comments?post=47563"}],"version-history":[{"count":1,"href":"https:\/\/imprimeideas.es\/en\/wp-json\/wp\/v2\/product\/47563\/revisions"}],"predecessor-version":[{"id":56050,"href":"https:\/\/imprimeideas.es\/en\/wp-json\/wp\/v2\/product\/47563\/revisions\/56050"}],"wp:featuredmedia":[{"embeddable":true,"href":"https:\/\/imprimeideas.es\/en\/wp-json\/wp\/v2\/media\/73354"}],"wp:attachment":[{"href":"https:\/\/imprimeideas.es\/en\/wp-json\/wp\/v2\/media?parent=47563"}],"wp:term":[{"taxonomy":"product_brand","embeddable":true,"href":"https:\/\/imprimeideas.es\/en\/wp-json\/wp\/v2\/product_brand?post=47563"},{"taxonomy":"product_cat","embeddable":true,"href":"https:\/\/imprimeideas.es\/en\/wp-json\/wp\/v2\/product_cat?post=47563"},{"taxonomy":"product_tag","embeddable":true,"href":"https:\/\/imprimeideas.es\/en\/wp-json\/wp\/v2\/product_tag?post=47563"}],"curies":[{"name":"wp","href":"https:\/\/api.w.org\/{rel}","templated":true}]}}