{"id":47558,"date":"2026-02-24T11:42:05","date_gmt":"2026-02-24T10:42:05","guid":{"rendered":"https:\/\/imprimeideas.es\/?post_type=product&p=47558"},"modified":"2026-02-26T18:08:22","modified_gmt":"2026-02-26T17:08:22","slug":"cargador-dimitry","status":"publish","type":"product","link":"https:\/\/imprimeideas.es\/en\/product\/cargador-dimitry\/","title":{"rendered":"Cargador Dimitry"},"content":{"rendered":"<p>Cargador inal\u00e1mbrico 15W con funci\u00f3n soporte para smartphone fabricado en bamb\u00fa y Aluminio Reciclado. Indicador LED de estado de carga y compatible con dispositivos equipados con tecnolog\u00eda de carga inal\u00e1mbrica, incluye cable tipo C. Con distintivo aluminio reciclado.Materiales como el bamb\u00fa fomentan la utilizaci\u00f3n de materias primas naturales reduciendo las emisiones contaminantes. Adem\u00e1s, el bamb\u00fa proviene de una planta de gran resistencia y versatilidad, con crecimiento y regeneraci\u00f3n r\u00e1pida, siendo una excelente alternativa al uso de madera tradicional.El aluminio reciclado es un material con posibilidades de reciclaje casi infinitas, sin perder sus propiedades originales y consumiendo menos energ\u00eda en este proceso.Certificaci\u00f3n GRS (Global Recycled Standard \/ Est\u00e1ndar de Reciclaje Global), que garantiza el origen reciclado del material usado para fabricar el producto.Fabricado conforme a los est\u00e1ndares RoHS y en cumplimiento con los siguientes requisitos de seguridad:Sistema de protecci\u00f3n contra sobrecalentamiento. Sistema de protecci\u00f3n contra sobrecarga. Sistema de bloqueo para evitar cortocircuitos.<\/p>","protected":false},"excerpt":{"rendered":"<p>Inal\u00e1mbrico 15W<\/p>","protected":false},"featured_media":76717,"comment_status":"open","ping_status":"open","template":"","meta":{"inline_featured_image":false},"product_brand":[],"product_cat":[122,95],"product_tag":[],"class_list":{"0":"post-47558","1":"product","2":"type-product","3":"status-publish","4":"has-post-thumbnail","6":"product_cat-articulos-sostenibles","7":"product_cat-tecnologia-y-accesorios","9":"first","10":"instock","11":"taxable","12":"shipping-taxable","13":"purchasable","14":"product-type-variable","15":"has-default-attributes"},"aioseo_notices":[],"_links":{"self":[{"href":"https:\/\/imprimeideas.es\/en\/wp-json\/wp\/v2\/product\/47558","targetHints":{"allow":["GET"]}}],"collection":[{"href":"https:\/\/imprimeideas.es\/en\/wp-json\/wp\/v2\/product"}],"about":[{"href":"https:\/\/imprimeideas.es\/en\/wp-json\/wp\/v2\/types\/product"}],"replies":[{"embeddable":true,"href":"https:\/\/imprimeideas.es\/en\/wp-json\/wp\/v2\/comments?post=47558"}],"version-history":[{"count":1,"href":"https:\/\/imprimeideas.es\/en\/wp-json\/wp\/v2\/product\/47558\/revisions"}],"predecessor-version":[{"id":56048,"href":"https:\/\/imprimeideas.es\/en\/wp-json\/wp\/v2\/product\/47558\/revisions\/56048"}],"wp:featuredmedia":[{"embeddable":true,"href":"https:\/\/imprimeideas.es\/en\/wp-json\/wp\/v2\/media\/76717"}],"wp:attachment":[{"href":"https:\/\/imprimeideas.es\/en\/wp-json\/wp\/v2\/media?parent=47558"}],"wp:term":[{"taxonomy":"product_brand","embeddable":true,"href":"https:\/\/imprimeideas.es\/en\/wp-json\/wp\/v2\/product_brand?post=47558"},{"taxonomy":"product_cat","embeddable":true,"href":"https:\/\/imprimeideas.es\/en\/wp-json\/wp\/v2\/product_cat?post=47558"},{"taxonomy":"product_tag","embeddable":true,"href":"https:\/\/imprimeideas.es\/en\/wp-json\/wp\/v2\/product_tag?post=47558"}],"curies":[{"name":"wp","href":"https:\/\/api.w.org\/{rel}","templated":true}]}}