{"id":47556,"date":"2026-02-24T11:42:04","date_gmt":"2026-02-24T10:42:04","guid":{"rendered":"https:\/\/imprimeideas.es\/?post_type=product&p=47556"},"modified":"2026-02-26T18:23:18","modified_gmt":"2026-02-26T17:23:18","slug":"cargador-zakary","status":"publish","type":"product","link":"https:\/\/imprimeideas.es\/en\/product\/cargador-zakary\/","title":{"rendered":"Cargador Zakary"},"content":{"rendered":"<p>Completa base cargadora fabricada en 300D RPET. Estuche con cierre de corchete incluyendo base cargadora inal\u00e1mbrica Qi para smartphone, auriculares y smartwatch. Contiene cable de conexi\u00f3n Tipo C en ambos extremos, adem\u00e1s de adaptadores USB y lightning\/micro USB. El set lo completa un eyector de tarjeta SIM y un compartimento para guardar una tarjeta Micro SIM. Con distintivo RPET.El material RPET se elabora a partir de pl\u00e1stico reciclado, para as\u00ed fomentar la reutilizaci\u00f3n de residuos pl\u00e1sticos y ayudar a la sostenibilidad del planeta.<\/p>","protected":false},"excerpt":{"rendered":"<p>Inal\u00e1mbrico 15W. Set Cables Cargadores Incluido. Apto para transferir datos. Conexi\u00f3n Micro USB, Tipo C y Lightning 5V DC 3A<\/p>","protected":false},"featured_media":80673,"comment_status":"open","ping_status":"open","template":"","meta":{"inline_featured_image":false},"product_brand":[],"product_cat":[122,95],"product_tag":[],"class_list":{"0":"post-47556","1":"product","2":"type-product","3":"status-publish","4":"has-post-thumbnail","6":"product_cat-articulos-sostenibles","7":"product_cat-tecnologia-y-accesorios","9":"first","10":"outofstock","11":"taxable","12":"shipping-taxable","13":"purchasable","14":"product-type-variable","15":"has-default-attributes"},"aioseo_notices":[],"_links":{"self":[{"href":"https:\/\/imprimeideas.es\/en\/wp-json\/wp\/v2\/product\/47556","targetHints":{"allow":["GET"]}}],"collection":[{"href":"https:\/\/imprimeideas.es\/en\/wp-json\/wp\/v2\/product"}],"about":[{"href":"https:\/\/imprimeideas.es\/en\/wp-json\/wp\/v2\/types\/product"}],"replies":[{"embeddable":true,"href":"https:\/\/imprimeideas.es\/en\/wp-json\/wp\/v2\/comments?post=47556"}],"version-history":[{"count":1,"href":"https:\/\/imprimeideas.es\/en\/wp-json\/wp\/v2\/product\/47556\/revisions"}],"predecessor-version":[{"id":56047,"href":"https:\/\/imprimeideas.es\/en\/wp-json\/wp\/v2\/product\/47556\/revisions\/56047"}],"wp:featuredmedia":[{"embeddable":true,"href":"https:\/\/imprimeideas.es\/en\/wp-json\/wp\/v2\/media\/80673"}],"wp:attachment":[{"href":"https:\/\/imprimeideas.es\/en\/wp-json\/wp\/v2\/media?parent=47556"}],"wp:term":[{"taxonomy":"product_brand","embeddable":true,"href":"https:\/\/imprimeideas.es\/en\/wp-json\/wp\/v2\/product_brand?post=47556"},{"taxonomy":"product_cat","embeddable":true,"href":"https:\/\/imprimeideas.es\/en\/wp-json\/wp\/v2\/product_cat?post=47556"},{"taxonomy":"product_tag","embeddable":true,"href":"https:\/\/imprimeideas.es\/en\/wp-json\/wp\/v2\/product_tag?post=47556"}],"curies":[{"name":"wp","href":"https:\/\/api.w.org\/{rel}","templated":true}]}}