{"id":47526,"date":"2026-02-24T11:42:00","date_gmt":"2026-02-24T10:42:00","guid":{"rendered":"https:\/\/imprimeideas.es\/?post_type=product&p=47526"},"modified":"2026-02-26T18:13:56","modified_gmt":"2026-02-26T17:13:56","slug":"baston-led-pexel","status":"publish","type":"product","link":"https:\/\/imprimeideas.es\/en\/product\/baston-led-pexel\/","title":{"rendered":"Bast\u00f3n Led Pexel"},"content":{"rendered":"<p>Bast\u00f3n LED con 3 modos de luz: alta intensidad, media intensidad y luz intermitente. Equipado con 36 LEDs y bot\u00f3n de encendido\/apagado. Su tama\u00f1o es ideal para acoplar en botellas, destacando en cualquier evento.<\/p>","protected":false},"excerpt":{"rendered":"<p>36 Ledes. 3 Posiciones de Luz. Bater\u00eda 1200 mAh<\/p>","protected":false},"featured_media":83828,"comment_status":"open","ping_status":"open","template":"","meta":{"inline_featured_image":false},"product_brand":[],"product_cat":[105],"product_tag":[],"class_list":{"0":"post-47526","1":"product","2":"type-product","3":"status-publish","4":"has-post-thumbnail","6":"product_cat-vino-accesorios-de-bebida-y-hosteleria","8":"first","9":"outofstock","10":"taxable","11":"shipping-taxable","12":"purchasable","13":"product-type-variable","14":"has-default-attributes"},"aioseo_notices":[],"_links":{"self":[{"href":"https:\/\/imprimeideas.es\/en\/wp-json\/wp\/v2\/product\/47526","targetHints":{"allow":["GET"]}}],"collection":[{"href":"https:\/\/imprimeideas.es\/en\/wp-json\/wp\/v2\/product"}],"about":[{"href":"https:\/\/imprimeideas.es\/en\/wp-json\/wp\/v2\/types\/product"}],"replies":[{"embeddable":true,"href":"https:\/\/imprimeideas.es\/en\/wp-json\/wp\/v2\/comments?post=47526"}],"version-history":[{"count":1,"href":"https:\/\/imprimeideas.es\/en\/wp-json\/wp\/v2\/product\/47526\/revisions"}],"predecessor-version":[{"id":56041,"href":"https:\/\/imprimeideas.es\/en\/wp-json\/wp\/v2\/product\/47526\/revisions\/56041"}],"wp:featuredmedia":[{"embeddable":true,"href":"https:\/\/imprimeideas.es\/en\/wp-json\/wp\/v2\/media\/83828"}],"wp:attachment":[{"href":"https:\/\/imprimeideas.es\/en\/wp-json\/wp\/v2\/media?parent=47526"}],"wp:term":[{"taxonomy":"product_brand","embeddable":true,"href":"https:\/\/imprimeideas.es\/en\/wp-json\/wp\/v2\/product_brand?post=47526"},{"taxonomy":"product_cat","embeddable":true,"href":"https:\/\/imprimeideas.es\/en\/wp-json\/wp\/v2\/product_cat?post=47526"},{"taxonomy":"product_tag","embeddable":true,"href":"https:\/\/imprimeideas.es\/en\/wp-json\/wp\/v2\/product_tag?post=47526"}],"curies":[{"name":"wp","href":"https:\/\/api.w.org\/{rel}","templated":true}]}}