{"id":47514,"date":"2026-02-24T11:41:59","date_gmt":"2026-02-24T10:41:59","guid":{"rendered":"https:\/\/imprimeideas.es\/?post_type=product&p=47514"},"modified":"2026-02-26T18:42:30","modified_gmt":"2026-02-26T17:42:30","slug":"power-bank-calentador-manos-geax","status":"publish","type":"product","link":"https:\/\/imprimeideas.es\/en\/product\/power-bank-calentador-manos-geax\/","title":{"rendered":"Power Bank Calentador Manos Geax"},"content":{"rendered":"<p>Bater\u00eda auxiliar externa con funci\u00f3n Calienta Manos. Fabricada en aluminio. Dispone de bot\u00f3n frontal ON\/OFF que desprende un agradable calor, con 3 modos de intensidad. Incluye cinta para mu\u00f1eca y 3 indicadores de nivel de carga. De 4000mAh. Con conexi\u00f3n de entrada y salida Tipo C -cable incluido- y salida USB para cargar cualquier dispositivo. Tipo C Entrada\/Salida: 5V DC 2.4A1 Salida USB: 5V DC 2.4ALas capacidades mostradas en todas nuestras bater\u00edas auxiliares externas son reales, incorporando todas ellas bater\u00edas de grado A y no recicladas, con una vida \u00fatil de al menos 500 ciclos de carga y seg\u00fan normativa CE. Adem\u00e1s, est\u00e1n fabricadas conforme a los est\u00e1ndares RoHS y en cumplimiento con los siguientes requisitos de seguridad:Sistema de protecci\u00f3n contra sobrecarga del power bank. Sistema de protecci\u00f3n contra descarga completa que proporciona una mayor durabilidad del power bank. Sistema de bloqueo para evitar cortocircuitos. Sistema de transferencia de carga constante, acorde con la capacidad del dispositivo de destino.<\/p>","protected":false},"excerpt":{"rendered":"<p>4000 mAh. 3 Posiciones. Salida USB. Salida y Entrada Tipo C<\/p>","protected":false},"featured_media":76507,"comment_status":"open","ping_status":"open","template":"","meta":{"inline_featured_image":false},"product_brand":[],"product_cat":[118,95],"product_tag":[],"class_list":{"0":"post-47514","1":"product","2":"type-product","3":"status-publish","4":"has-post-thumbnail","6":"product_cat-lluvia-y-frio","7":"product_cat-tecnologia-y-accesorios","9":"first","10":"instock","11":"taxable","12":"shipping-taxable","13":"purchasable","14":"product-type-variable","15":"has-default-attributes"},"aioseo_notices":[],"_links":{"self":[{"href":"https:\/\/imprimeideas.es\/en\/wp-json\/wp\/v2\/product\/47514","targetHints":{"allow":["GET"]}}],"collection":[{"href":"https:\/\/imprimeideas.es\/en\/wp-json\/wp\/v2\/product"}],"about":[{"href":"https:\/\/imprimeideas.es\/en\/wp-json\/wp\/v2\/types\/product"}],"replies":[{"embeddable":true,"href":"https:\/\/imprimeideas.es\/en\/wp-json\/wp\/v2\/comments?post=47514"}],"version-history":[{"count":2,"href":"https:\/\/imprimeideas.es\/en\/wp-json\/wp\/v2\/product\/47514\/revisions"}],"predecessor-version":[{"id":56036,"href":"https:\/\/imprimeideas.es\/en\/wp-json\/wp\/v2\/product\/47514\/revisions\/56036"}],"wp:featuredmedia":[{"embeddable":true,"href":"https:\/\/imprimeideas.es\/en\/wp-json\/wp\/v2\/media\/76507"}],"wp:attachment":[{"href":"https:\/\/imprimeideas.es\/en\/wp-json\/wp\/v2\/media?parent=47514"}],"wp:term":[{"taxonomy":"product_brand","embeddable":true,"href":"https:\/\/imprimeideas.es\/en\/wp-json\/wp\/v2\/product_brand?post=47514"},{"taxonomy":"product_cat","embeddable":true,"href":"https:\/\/imprimeideas.es\/en\/wp-json\/wp\/v2\/product_cat?post=47514"},{"taxonomy":"product_tag","embeddable":true,"href":"https:\/\/imprimeideas.es\/en\/wp-json\/wp\/v2\/product_tag?post=47514"}],"curies":[{"name":"wp","href":"https:\/\/api.w.org\/{rel}","templated":true}]}}