{"id":47511,"date":"2026-02-24T11:41:58","date_gmt":"2026-02-24T10:41:58","guid":{"rendered":"https:\/\/imprimeideas.es\/?post_type=product&p=47511"},"modified":"2026-02-26T18:37:26","modified_gmt":"2026-02-26T17:37:26","slug":"tapon-abridor-pomni","status":"publish","type":"product","link":"https:\/\/imprimeideas.es\/en\/product\/tapon-abridor-pomni\/","title":{"rendered":"Tap\u00f3n Abridor Pomni"},"content":{"rendered":"<p>Pr\u00e1ctico tap\u00f3n para botellas con abridor integrado. Fabricado en bamb\u00fa y acero inox. Incluye aros de silicona en el tap\u00f3n para un ajuste perfecto al cuello de la botella.Materiales como el bamb\u00fa fomentan la utilizaci\u00f3n de materias primas naturales reduciendo las emisiones contaminantes. Adem\u00e1s, el bamb\u00fa proviene de una planta de gran resistencia y versatilidad, con crecimiento y regeneraci\u00f3n r\u00e1pida, siendo una excelente alternativa al uso de madera tradicional.<\/p>","protected":false},"excerpt":{"rendered":"<p>Pr\u00e1ctico tap\u00f3n para botellas con abridor integrado. Fabricado en bamb\u00fa y acero inox. Incluye aros de silicona en el tap\u00f3n<\/p>","protected":false},"featured_media":72340,"comment_status":"open","ping_status":"open","template":"","meta":{"inline_featured_image":false},"product_brand":[],"product_cat":[122,105],"product_tag":[],"class_list":{"0":"post-47511","1":"product","2":"type-product","3":"status-publish","4":"has-post-thumbnail","6":"product_cat-articulos-sostenibles","7":"product_cat-vino-accesorios-de-bebida-y-hosteleria","9":"first","10":"instock","11":"taxable","12":"shipping-taxable","13":"purchasable","14":"product-type-variable","15":"has-default-attributes"},"aioseo_notices":[],"_links":{"self":[{"href":"https:\/\/imprimeideas.es\/en\/wp-json\/wp\/v2\/product\/47511","targetHints":{"allow":["GET"]}}],"collection":[{"href":"https:\/\/imprimeideas.es\/en\/wp-json\/wp\/v2\/product"}],"about":[{"href":"https:\/\/imprimeideas.es\/en\/wp-json\/wp\/v2\/types\/product"}],"replies":[{"embeddable":true,"href":"https:\/\/imprimeideas.es\/en\/wp-json\/wp\/v2\/comments?post=47511"}],"version-history":[{"count":1,"href":"https:\/\/imprimeideas.es\/en\/wp-json\/wp\/v2\/product\/47511\/revisions"}],"predecessor-version":[{"id":56034,"href":"https:\/\/imprimeideas.es\/en\/wp-json\/wp\/v2\/product\/47511\/revisions\/56034"}],"wp:featuredmedia":[{"embeddable":true,"href":"https:\/\/imprimeideas.es\/en\/wp-json\/wp\/v2\/media\/72340"}],"wp:attachment":[{"href":"https:\/\/imprimeideas.es\/en\/wp-json\/wp\/v2\/media?parent=47511"}],"wp:term":[{"taxonomy":"product_brand","embeddable":true,"href":"https:\/\/imprimeideas.es\/en\/wp-json\/wp\/v2\/product_brand?post=47511"},{"taxonomy":"product_cat","embeddable":true,"href":"https:\/\/imprimeideas.es\/en\/wp-json\/wp\/v2\/product_cat?post=47511"},{"taxonomy":"product_tag","embeddable":true,"href":"https:\/\/imprimeideas.es\/en\/wp-json\/wp\/v2\/product_tag?post=47511"}],"curies":[{"name":"wp","href":"https:\/\/api.w.org\/{rel}","templated":true}]}}