{"id":47509,"date":"2026-02-24T11:41:58","date_gmt":"2026-02-24T10:41:58","guid":{"rendered":"https:\/\/imprimeideas.es\/?post_type=product&p=47509"},"modified":"2026-02-26T18:23:31","modified_gmt":"2026-02-26T17:23:31","slug":"sacacorchos-soporte-kofko","status":"publish","type":"product","link":"https:\/\/imprimeideas.es\/en\/product\/sacacorchos-soporte-kofko\/","title":{"rendered":"Sacacorchos Soporte Kofko"},"content":{"rendered":"<p>Pr\u00e1ctico sacacorchos con funci\u00f3n de soporte para botellas fabricado en bamb\u00fa. Con troquelado redondo para apoyar la botella y sacacorchos extra\u00edble en acero inoxidable fijado con imanes.Materiales como el bamb\u00fa fomentan la utilizaci\u00f3n de materias primas naturales reduciendo las emisiones contaminantes. Adem\u00e1s, el bamb\u00fa proviene de una planta de gran resistencia y versatilidad, con crecimiento y regeneraci\u00f3n r\u00e1pida, siendo una excelente alternativa al uso de madera tradicional.<\/p>","protected":false},"excerpt":{"rendered":"<p>Pr\u00e1ctico sacacorchos con funci\u00f3n de soporte para botellas fabricado en bamb\u00fa. Con troquelado redondo para apoyar la botella y sacacorchos<\/p>","protected":false},"featured_media":73659,"comment_status":"open","ping_status":"open","template":"","meta":{"inline_featured_image":false},"product_brand":[],"product_cat":[122,105],"product_tag":[],"class_list":{"0":"post-47509","1":"product","2":"type-product","3":"status-publish","4":"has-post-thumbnail","6":"product_cat-articulos-sostenibles","7":"product_cat-vino-accesorios-de-bebida-y-hosteleria","9":"first","10":"instock","11":"taxable","12":"shipping-taxable","13":"purchasable","14":"product-type-variable","15":"has-default-attributes"},"aioseo_notices":[],"_links":{"self":[{"href":"https:\/\/imprimeideas.es\/en\/wp-json\/wp\/v2\/product\/47509","targetHints":{"allow":["GET"]}}],"collection":[{"href":"https:\/\/imprimeideas.es\/en\/wp-json\/wp\/v2\/product"}],"about":[{"href":"https:\/\/imprimeideas.es\/en\/wp-json\/wp\/v2\/types\/product"}],"replies":[{"embeddable":true,"href":"https:\/\/imprimeideas.es\/en\/wp-json\/wp\/v2\/comments?post=47509"}],"version-history":[{"count":1,"href":"https:\/\/imprimeideas.es\/en\/wp-json\/wp\/v2\/product\/47509\/revisions"}],"predecessor-version":[{"id":56033,"href":"https:\/\/imprimeideas.es\/en\/wp-json\/wp\/v2\/product\/47509\/revisions\/56033"}],"wp:featuredmedia":[{"embeddable":true,"href":"https:\/\/imprimeideas.es\/en\/wp-json\/wp\/v2\/media\/73659"}],"wp:attachment":[{"href":"https:\/\/imprimeideas.es\/en\/wp-json\/wp\/v2\/media?parent=47509"}],"wp:term":[{"taxonomy":"product_brand","embeddable":true,"href":"https:\/\/imprimeideas.es\/en\/wp-json\/wp\/v2\/product_brand?post=47509"},{"taxonomy":"product_cat","embeddable":true,"href":"https:\/\/imprimeideas.es\/en\/wp-json\/wp\/v2\/product_cat?post=47509"},{"taxonomy":"product_tag","embeddable":true,"href":"https:\/\/imprimeideas.es\/en\/wp-json\/wp\/v2\/product_tag?post=47509"}],"curies":[{"name":"wp","href":"https:\/\/api.w.org\/{rel}","templated":true}]}}