{"id":47503,"date":"2026-02-24T11:41:57","date_gmt":"2026-02-24T10:41:57","guid":{"rendered":"https:\/\/imprimeideas.es\/?post_type=product&p=47503"},"modified":"2026-02-26T18:08:13","modified_gmt":"2026-02-26T17:08:13","slug":"llavero-balsamo-labial-frissel","status":"publish","type":"product","link":"https:\/\/imprimeideas.es\/en\/product\/llavero-balsamo-labial-frissel\/","title":{"rendered":"Llavero B\u00e1lsamo Labial Frissel"},"content":{"rendered":"<p>B\u00e1lsamo labial llavero en forma de esfera y en elegantes colores dorado, plateado y oro rosa. Con pr\u00e1ctico llavero mosquet\u00f3n. Aroma vainilla, protecci\u00f3n SPF15. Dermatol\u00f3gicamente testado.<\/p>","protected":false},"excerpt":{"rendered":"<p>SPF15. Aroma Vainilla<\/p>","protected":false},"featured_media":78802,"comment_status":"open","ping_status":"open","template":"","meta":{"inline_featured_image":false},"product_brand":[],"product_cat":[107,106],"product_tag":[],"class_list":{"0":"post-47503","1":"product","2":"type-product","3":"status-publish","4":"has-post-thumbnail","6":"product_cat-cuidado-personal-y-pharma","7":"product_cat-regalos-y-premiums","9":"first","10":"instock","11":"taxable","12":"shipping-taxable","13":"purchasable","14":"product-type-variable","15":"has-default-attributes"},"aioseo_notices":[],"_links":{"self":[{"href":"https:\/\/imprimeideas.es\/en\/wp-json\/wp\/v2\/product\/47503","targetHints":{"allow":["GET"]}}],"collection":[{"href":"https:\/\/imprimeideas.es\/en\/wp-json\/wp\/v2\/product"}],"about":[{"href":"https:\/\/imprimeideas.es\/en\/wp-json\/wp\/v2\/types\/product"}],"replies":[{"embeddable":true,"href":"https:\/\/imprimeideas.es\/en\/wp-json\/wp\/v2\/comments?post=47503"}],"version-history":[{"count":1,"href":"https:\/\/imprimeideas.es\/en\/wp-json\/wp\/v2\/product\/47503\/revisions"}],"predecessor-version":[{"id":56031,"href":"https:\/\/imprimeideas.es\/en\/wp-json\/wp\/v2\/product\/47503\/revisions\/56031"}],"wp:featuredmedia":[{"embeddable":true,"href":"https:\/\/imprimeideas.es\/en\/wp-json\/wp\/v2\/media\/78802"}],"wp:attachment":[{"href":"https:\/\/imprimeideas.es\/en\/wp-json\/wp\/v2\/media?parent=47503"}],"wp:term":[{"taxonomy":"product_brand","embeddable":true,"href":"https:\/\/imprimeideas.es\/en\/wp-json\/wp\/v2\/product_brand?post=47503"},{"taxonomy":"product_cat","embeddable":true,"href":"https:\/\/imprimeideas.es\/en\/wp-json\/wp\/v2\/product_cat?post=47503"},{"taxonomy":"product_tag","embeddable":true,"href":"https:\/\/imprimeideas.es\/en\/wp-json\/wp\/v2\/product_tag?post=47503"}],"curies":[{"name":"wp","href":"https:\/\/api.w.org\/{rel}","templated":true}]}}