{"id":47497,"date":"2026-02-24T11:41:57","date_gmt":"2026-02-24T10:41:57","guid":{"rendered":"https:\/\/imprimeideas.es\/?post_type=product&p=47497"},"modified":"2026-02-26T18:19:39","modified_gmt":"2026-02-26T17:19:39","slug":"balsamo-labial-galax","status":"publish","type":"product","link":"https:\/\/imprimeideas.es\/en\/product\/balsamo-labial-galax\/","title":{"rendered":"B\u00e1lsamo Labial Galax"},"content":{"rendered":"<p>Barra de b\u00e1lsamo labial en formato crema. C\u00f3moda aplicaci\u00f3n por su extremo en forma de labial, con protecci\u00f3n SPF15 y aroma vainilla.<\/p>","protected":false},"excerpt":{"rendered":"<p>SPF15. Aroma Vainilla<\/p>","protected":false},"featured_media":67643,"comment_status":"open","ping_status":"open","template":"","meta":{"inline_featured_image":false},"product_brand":[],"product_cat":[107],"product_tag":[],"class_list":{"0":"post-47497","1":"product","2":"type-product","3":"status-publish","4":"has-post-thumbnail","6":"product_cat-cuidado-personal-y-pharma","8":"first","9":"instock","10":"taxable","11":"shipping-taxable","12":"purchasable","13":"product-type-variable","14":"has-default-attributes"},"aioseo_notices":[],"_links":{"self":[{"href":"https:\/\/imprimeideas.es\/en\/wp-json\/wp\/v2\/product\/47497","targetHints":{"allow":["GET"]}}],"collection":[{"href":"https:\/\/imprimeideas.es\/en\/wp-json\/wp\/v2\/product"}],"about":[{"href":"https:\/\/imprimeideas.es\/en\/wp-json\/wp\/v2\/types\/product"}],"replies":[{"embeddable":true,"href":"https:\/\/imprimeideas.es\/en\/wp-json\/wp\/v2\/comments?post=47497"}],"version-history":[{"count":1,"href":"https:\/\/imprimeideas.es\/en\/wp-json\/wp\/v2\/product\/47497\/revisions"}],"predecessor-version":[{"id":56030,"href":"https:\/\/imprimeideas.es\/en\/wp-json\/wp\/v2\/product\/47497\/revisions\/56030"}],"wp:featuredmedia":[{"embeddable":true,"href":"https:\/\/imprimeideas.es\/en\/wp-json\/wp\/v2\/media\/67643"}],"wp:attachment":[{"href":"https:\/\/imprimeideas.es\/en\/wp-json\/wp\/v2\/media?parent=47497"}],"wp:term":[{"taxonomy":"product_brand","embeddable":true,"href":"https:\/\/imprimeideas.es\/en\/wp-json\/wp\/v2\/product_brand?post=47497"},{"taxonomy":"product_cat","embeddable":true,"href":"https:\/\/imprimeideas.es\/en\/wp-json\/wp\/v2\/product_cat?post=47497"},{"taxonomy":"product_tag","embeddable":true,"href":"https:\/\/imprimeideas.es\/en\/wp-json\/wp\/v2\/product_tag?post=47497"}],"curies":[{"name":"wp","href":"https:\/\/api.w.org\/{rel}","templated":true}]}}