{"id":47490,"date":"2026-02-24T11:41:56","date_gmt":"2026-02-24T10:41:56","guid":{"rendered":"https:\/\/imprimeideas.es\/?post_type=product&p=47490"},"modified":"2026-02-26T18:33:03","modified_gmt":"2026-02-26T17:33:03","slug":"balsamo-labial-vintod","status":"publish","type":"product","link":"https:\/\/imprimeideas.es\/en\/product\/balsamo-labial-vintod\/","title":{"rendered":"B\u00e1lsamo Labial Vintod"},"content":{"rendered":"<p>B\u00e1lsamo labial fabricado en cart\u00f3n reciclado con certificado FSC. Aroma vainilla. Protecci\u00f3n SPF15. Dermatol\u00f3gicamente testado. Distintivo FSC sobre el envase.<\/p>","protected":false},"excerpt":{"rendered":"<p>SPF15. Aroma Vainilla<\/p>","protected":false},"featured_media":77130,"comment_status":"open","ping_status":"open","template":"","meta":{"inline_featured_image":false},"product_brand":[],"product_cat":[122,107],"product_tag":[],"class_list":{"0":"post-47490","1":"product","2":"type-product","3":"status-publish","4":"has-post-thumbnail","6":"product_cat-articulos-sostenibles","7":"product_cat-cuidado-personal-y-pharma","9":"first","10":"instock","11":"taxable","12":"shipping-taxable","13":"purchasable","14":"product-type-variable","15":"has-default-attributes"},"aioseo_notices":[],"_links":{"self":[{"href":"https:\/\/imprimeideas.es\/en\/wp-json\/wp\/v2\/product\/47490","targetHints":{"allow":["GET"]}}],"collection":[{"href":"https:\/\/imprimeideas.es\/en\/wp-json\/wp\/v2\/product"}],"about":[{"href":"https:\/\/imprimeideas.es\/en\/wp-json\/wp\/v2\/types\/product"}],"replies":[{"embeddable":true,"href":"https:\/\/imprimeideas.es\/en\/wp-json\/wp\/v2\/comments?post=47490"}],"version-history":[{"count":1,"href":"https:\/\/imprimeideas.es\/en\/wp-json\/wp\/v2\/product\/47490\/revisions"}],"predecessor-version":[{"id":56029,"href":"https:\/\/imprimeideas.es\/en\/wp-json\/wp\/v2\/product\/47490\/revisions\/56029"}],"wp:featuredmedia":[{"embeddable":true,"href":"https:\/\/imprimeideas.es\/en\/wp-json\/wp\/v2\/media\/77130"}],"wp:attachment":[{"href":"https:\/\/imprimeideas.es\/en\/wp-json\/wp\/v2\/media?parent=47490"}],"wp:term":[{"taxonomy":"product_brand","embeddable":true,"href":"https:\/\/imprimeideas.es\/en\/wp-json\/wp\/v2\/product_brand?post=47490"},{"taxonomy":"product_cat","embeddable":true,"href":"https:\/\/imprimeideas.es\/en\/wp-json\/wp\/v2\/product_cat?post=47490"},{"taxonomy":"product_tag","embeddable":true,"href":"https:\/\/imprimeideas.es\/en\/wp-json\/wp\/v2\/product_tag?post=47490"}],"curies":[{"name":"wp","href":"https:\/\/api.w.org\/{rel}","templated":true}]}}