{"id":47453,"date":"2026-02-24T11:41:51","date_gmt":"2026-02-24T10:41:51","guid":{"rendered":"https:\/\/imprimeideas.es\/?post_type=product&p=47453"},"modified":"2026-02-26T18:42:31","modified_gmt":"2026-02-26T17:42:31","slug":"camiseta-adulto-color-hawk","status":"publish","type":"product","link":"https:\/\/imprimeideas.es\/en\/product\/camiseta-adulto-color-hawk\/","title":{"rendered":"Camiseta Adulto Color Hawk"},"content":{"rendered":"<p>Camiseta de manga larga adulto en color, de suave y agradable tacto en 100% algod\u00f3n, punto liso de 160 g\/m2 (color gris: 85% algod\u00f3n + 15% viscosa). Confeccionada en tejido tubular, de pu\u00f1os sin canal\u00e9. Con cuello redondo acanalado 1&#215;1 y cubrecosturas reforzados en el cuello a juego.<\/p>","protected":false},"excerpt":{"rendered":"<p>Camiseta de manga larga adulto en color, de suave y agradable tacto en 100% algod\u00f3n, punto liso de 160 g\/m2<\/p>","protected":false},"featured_media":47590,"comment_status":"open","ping_status":"open","template":"","meta":{"inline_featured_image":false},"product_brand":[],"product_cat":[116],"product_tag":[],"class_list":{"0":"post-47453","1":"product","2":"type-product","3":"status-publish","4":"has-post-thumbnail","6":"product_cat-textil","8":"first","9":"instock","10":"taxable","11":"shipping-taxable","12":"purchasable","13":"product-type-variable","14":"has-default-attributes"},"aioseo_notices":[],"_links":{"self":[{"href":"https:\/\/imprimeideas.es\/en\/wp-json\/wp\/v2\/product\/47453","targetHints":{"allow":["GET"]}}],"collection":[{"href":"https:\/\/imprimeideas.es\/en\/wp-json\/wp\/v2\/product"}],"about":[{"href":"https:\/\/imprimeideas.es\/en\/wp-json\/wp\/v2\/types\/product"}],"replies":[{"embeddable":true,"href":"https:\/\/imprimeideas.es\/en\/wp-json\/wp\/v2\/comments?post=47453"}],"version-history":[{"count":1,"href":"https:\/\/imprimeideas.es\/en\/wp-json\/wp\/v2\/product\/47453\/revisions"}],"predecessor-version":[{"id":56028,"href":"https:\/\/imprimeideas.es\/en\/wp-json\/wp\/v2\/product\/47453\/revisions\/56028"}],"wp:featuredmedia":[{"embeddable":true,"href":"https:\/\/imprimeideas.es\/en\/wp-json\/wp\/v2\/media\/47590"}],"wp:attachment":[{"href":"https:\/\/imprimeideas.es\/en\/wp-json\/wp\/v2\/media?parent=47453"}],"wp:term":[{"taxonomy":"product_brand","embeddable":true,"href":"https:\/\/imprimeideas.es\/en\/wp-json\/wp\/v2\/product_brand?post=47453"},{"taxonomy":"product_cat","embeddable":true,"href":"https:\/\/imprimeideas.es\/en\/wp-json\/wp\/v2\/product_cat?post=47453"},{"taxonomy":"product_tag","embeddable":true,"href":"https:\/\/imprimeideas.es\/en\/wp-json\/wp\/v2\/product_tag?post=47453"}],"curies":[{"name":"wp","href":"https:\/\/api.w.org\/{rel}","templated":true}]}}