{"id":47389,"date":"2026-02-24T11:41:42","date_gmt":"2026-02-24T10:41:42","guid":{"rendered":"https:\/\/imprimeideas.es\/?post_type=product&p=47389"},"modified":"2026-02-26T18:03:09","modified_gmt":"2026-02-26T17:03:09","slug":"sudadera-adulto-capucha-cremallera-walder","status":"publish","type":"product","link":"https:\/\/imprimeideas.es\/en\/product\/sudadera-adulto-capucha-cremallera-walder\/","title":{"rendered":"Sudadera Adulto Capucha + Cremallera Walder"},"content":{"rendered":"<p>Sudadera Unisex con capucha y cremallera de Algod\u00f3n Org\u00e1nico y Poli\u00e9ster Reciclado, en suave felpa perchada de 280 g\/m2. Con capucha forrada de doble capa, cordones redondos ajustables -con topes a juego- y ojales met\u00e1licos. Pu\u00f1os y cintura de punto canal\u00e9 de elastano y bolsillo frontal tipo canguro. Apertura de cremallera oculta met\u00e1lica, con cubrecosturas reforzado en cuello. Incluye etiqueta distintiva eco.<\/p>","protected":false},"excerpt":{"rendered":"<p>Sudadera Unisex con capucha y cremallera de Algod\u00f3n Org\u00e1nico y Poli\u00e9ster Reciclado, en suave felpa perchada de 280 g\/m2. Con<\/p>","protected":false},"featured_media":77081,"comment_status":"open","ping_status":"open","template":"","meta":{"inline_featured_image":false},"product_brand":[],"product_cat":[122,116],"product_tag":[],"class_list":{"0":"post-47389","1":"product","2":"type-product","3":"status-publish","4":"has-post-thumbnail","6":"product_cat-articulos-sostenibles","7":"product_cat-textil","9":"first","10":"instock","11":"taxable","12":"shipping-taxable","13":"purchasable","14":"product-type-variable","15":"has-default-attributes"},"aioseo_notices":[],"_links":{"self":[{"href":"https:\/\/imprimeideas.es\/en\/wp-json\/wp\/v2\/product\/47389","targetHints":{"allow":["GET"]}}],"collection":[{"href":"https:\/\/imprimeideas.es\/en\/wp-json\/wp\/v2\/product"}],"about":[{"href":"https:\/\/imprimeideas.es\/en\/wp-json\/wp\/v2\/types\/product"}],"replies":[{"embeddable":true,"href":"https:\/\/imprimeideas.es\/en\/wp-json\/wp\/v2\/comments?post=47389"}],"version-history":[{"count":1,"href":"https:\/\/imprimeideas.es\/en\/wp-json\/wp\/v2\/product\/47389\/revisions"}],"predecessor-version":[{"id":56026,"href":"https:\/\/imprimeideas.es\/en\/wp-json\/wp\/v2\/product\/47389\/revisions\/56026"}],"wp:featuredmedia":[{"embeddable":true,"href":"https:\/\/imprimeideas.es\/en\/wp-json\/wp\/v2\/media\/77081"}],"wp:attachment":[{"href":"https:\/\/imprimeideas.es\/en\/wp-json\/wp\/v2\/media?parent=47389"}],"wp:term":[{"taxonomy":"product_brand","embeddable":true,"href":"https:\/\/imprimeideas.es\/en\/wp-json\/wp\/v2\/product_brand?post=47389"},{"taxonomy":"product_cat","embeddable":true,"href":"https:\/\/imprimeideas.es\/en\/wp-json\/wp\/v2\/product_cat?post=47389"},{"taxonomy":"product_tag","embeddable":true,"href":"https:\/\/imprimeideas.es\/en\/wp-json\/wp\/v2\/product_tag?post=47389"}],"curies":[{"name":"wp","href":"https:\/\/api.w.org\/{rel}","templated":true}]}}