{"id":47275,"date":"2026-02-24T11:41:28","date_gmt":"2026-02-24T10:41:28","guid":{"rendered":"https:\/\/imprimeideas.es\/?post_type=product&p=47275"},"modified":"2026-02-26T18:13:37","modified_gmt":"2026-02-26T17:13:37","slug":"sudadera-adulto-skelton","status":"publish","type":"product","link":"https:\/\/imprimeideas.es\/en\/product\/sudadera-adulto-skelton\/","title":{"rendered":"Sudadera Adulto Skelton"},"content":{"rendered":"<p>Sudadera Unisex de Algod\u00f3n Org\u00e1nico y Poli\u00e9ster Reciclado, en suave felpa perchada de 280 g\/m2. Con cuello, pu\u00f1os y cintura de punto canal\u00e9 de elastano. Cubrecosturas en el interior del cuello, con etiqueta distintiva eco.<\/p>","protected":false},"excerpt":{"rendered":"<p>Sudadera Unisex de Algod\u00f3n Org\u00e1nico y Poli\u00e9ster Reciclado, en suave felpa perchada de 280 g\/m2. Con cuello, pu\u00f1os y cintura<\/p>","protected":false},"featured_media":78409,"comment_status":"open","ping_status":"open","template":"","meta":{"inline_featured_image":false},"product_brand":[],"product_cat":[122,116],"product_tag":[],"class_list":{"0":"post-47275","1":"product","2":"type-product","3":"status-publish","4":"has-post-thumbnail","6":"product_cat-articulos-sostenibles","7":"product_cat-textil","9":"first","10":"instock","11":"taxable","12":"shipping-taxable","13":"purchasable","14":"product-type-variable","15":"has-default-attributes"},"aioseo_notices":[],"_links":{"self":[{"href":"https:\/\/imprimeideas.es\/en\/wp-json\/wp\/v2\/product\/47275","targetHints":{"allow":["GET"]}}],"collection":[{"href":"https:\/\/imprimeideas.es\/en\/wp-json\/wp\/v2\/product"}],"about":[{"href":"https:\/\/imprimeideas.es\/en\/wp-json\/wp\/v2\/types\/product"}],"replies":[{"embeddable":true,"href":"https:\/\/imprimeideas.es\/en\/wp-json\/wp\/v2\/comments?post=47275"}],"version-history":[{"count":1,"href":"https:\/\/imprimeideas.es\/en\/wp-json\/wp\/v2\/product\/47275\/revisions"}],"predecessor-version":[{"id":56024,"href":"https:\/\/imprimeideas.es\/en\/wp-json\/wp\/v2\/product\/47275\/revisions\/56024"}],"wp:featuredmedia":[{"embeddable":true,"href":"https:\/\/imprimeideas.es\/en\/wp-json\/wp\/v2\/media\/78409"}],"wp:attachment":[{"href":"https:\/\/imprimeideas.es\/en\/wp-json\/wp\/v2\/media?parent=47275"}],"wp:term":[{"taxonomy":"product_brand","embeddable":true,"href":"https:\/\/imprimeideas.es\/en\/wp-json\/wp\/v2\/product_brand?post=47275"},{"taxonomy":"product_cat","embeddable":true,"href":"https:\/\/imprimeideas.es\/en\/wp-json\/wp\/v2\/product_cat?post=47275"},{"taxonomy":"product_tag","embeddable":true,"href":"https:\/\/imprimeideas.es\/en\/wp-json\/wp\/v2\/product_tag?post=47275"}],"curies":[{"name":"wp","href":"https:\/\/api.w.org\/{rel}","templated":true}]}}