{"id":47238,"date":"2026-02-24T11:41:23","date_gmt":"2026-02-24T10:41:23","guid":{"rendered":"https:\/\/imprimeideas.es\/?post_type=product&p=47238"},"modified":"2026-02-26T18:23:21","modified_gmt":"2026-02-26T17:23:21","slug":"chaqueta-grifter","status":"publish","type":"product","link":"https:\/\/imprimeideas.es\/en\/product\/chaqueta-grifter\/","title":{"rendered":"Chaqueta Grifter"},"content":{"rendered":"<p>Chaqueta Soft Shell RPET confeccionada en 3 capas, de 340 g\/m2. Con membrana de 8000mm, impermeable y transpirable. Exterior en Soft Shell e interior en tejido polar microfleece en color negro. Con bolsillo exterior en pecho derecho y dos bolsillos laterales con cremalleras. Con cremallera central y cremalleras invertidas en bolsillos, incluyendo tiradores de cord\u00f3n en color negro. Mangas rangl\u00e1n con sistema de ajuste de velcro en el pu\u00f1o en color negro. Cuenta con protector de barbilla a juego y cintura ajustable, con cord\u00f3n el\u00e1stico y tope. Distintivo RPET en el ribete de la prenda.<\/p>","protected":false},"excerpt":{"rendered":"<p>Resistente al Viento y al Agua<\/p>","protected":false},"featured_media":85138,"comment_status":"open","ping_status":"open","template":"","meta":{"inline_featured_image":false},"product_brand":[],"product_cat":[122,116],"product_tag":[],"class_list":{"0":"post-47238","1":"product","2":"type-product","3":"status-publish","4":"has-post-thumbnail","6":"product_cat-articulos-sostenibles","7":"product_cat-textil","9":"first","10":"instock","11":"taxable","12":"shipping-taxable","13":"purchasable","14":"product-type-variable","15":"has-default-attributes"},"aioseo_notices":[],"_links":{"self":[{"href":"https:\/\/imprimeideas.es\/en\/wp-json\/wp\/v2\/product\/47238","targetHints":{"allow":["GET"]}}],"collection":[{"href":"https:\/\/imprimeideas.es\/en\/wp-json\/wp\/v2\/product"}],"about":[{"href":"https:\/\/imprimeideas.es\/en\/wp-json\/wp\/v2\/types\/product"}],"replies":[{"embeddable":true,"href":"https:\/\/imprimeideas.es\/en\/wp-json\/wp\/v2\/comments?post=47238"}],"version-history":[{"count":1,"href":"https:\/\/imprimeideas.es\/en\/wp-json\/wp\/v2\/product\/47238\/revisions"}],"predecessor-version":[{"id":56023,"href":"https:\/\/imprimeideas.es\/en\/wp-json\/wp\/v2\/product\/47238\/revisions\/56023"}],"wp:featuredmedia":[{"embeddable":true,"href":"https:\/\/imprimeideas.es\/en\/wp-json\/wp\/v2\/media\/85138"}],"wp:attachment":[{"href":"https:\/\/imprimeideas.es\/en\/wp-json\/wp\/v2\/media?parent=47238"}],"wp:term":[{"taxonomy":"product_brand","embeddable":true,"href":"https:\/\/imprimeideas.es\/en\/wp-json\/wp\/v2\/product_brand?post=47238"},{"taxonomy":"product_cat","embeddable":true,"href":"https:\/\/imprimeideas.es\/en\/wp-json\/wp\/v2\/product_cat?post=47238"},{"taxonomy":"product_tag","embeddable":true,"href":"https:\/\/imprimeideas.es\/en\/wp-json\/wp\/v2\/product_tag?post=47238"}],"curies":[{"name":"wp","href":"https:\/\/api.w.org\/{rel}","templated":true}]}}